{"id":5960,"date":"2022-03-28T14:06:14","date_gmt":"2022-03-28T12:06:14","guid":{"rendered":"https:\/\/sklep.autodrompomorze.pl\/?post_type=product&#038;p=5960"},"modified":"2025-10-25T12:04:40","modified_gmt":"2025-10-25T10:04:40","slug":"trening_moto","status":"publish","type":"product","link":"https:\/\/sklep.autodrompomorze.pl\/index.php\/produkt\/trening_moto\/","title":{"rendered":"ZADATEK &#8211; WYNAJEM TORU NA TRENING MOTOCYKLOWY (DNI POWSZEDNIE \u2013 po 15.00)"},"content":{"rendered":"<p><strong><span style=\"color: red\"> ZAPRASZAMY W SEZONIE 2026 <\/span><\/strong><\/p>\n<div class=\"kvgmc6g5 cxmmr5t8 oygrvhab hcukyx3x c1et5uql ii04i59q\">\n<p>&nbsp;<\/p>\n<p><strong>Cel:<\/strong> Samodzielne szlifowanie umiej\u0119tno\u015bci na torze przez grup\u0119 zorganizowan\u0105 przez Najemc\u0119<\/p>\n<p><strong>Czas trwania:<\/strong> 3 godziny<\/p>\n<p>Ilo\u015b\u0107 motocykli jednocze\u015bnie przebywaj\u0105cych na torze: maks 12<\/p>\n<p>Dodatkowe wymagania: ratownik medyczny, koordynator (opiekun) grupy<\/p>\n<p>Warunki najmu: <a href=\"https:\/\/sklep.autodrompomorze.pl\/wp-content\/uploads\/2022\/04\/Regulamin-korzystania-z-Toru-Szosowego-zmiana11-04-2022.pdf\">Regulamin korzystania z toru szosowego ODTJ Autodrom Pomorze<\/a><\/p>\n<p>&nbsp;<\/p>\n<p>Dostawa: darmowa (voucher wy\u015blemy Ci na maila zaraz po odnotowaniu wp\u0142aty \u2013 je\u015bli wybierzesz p\u0142atno\u015b\u0107 za po\u015brednictwem Przelewy24, voucher po kilku minutach b\u0119dzie u Ciebie na mailu \ud83d\ude42)<\/p>\n<p><span style=\"color: #ff0000\"><strong>WA\u017bNE! CH\u0118\u0106 OTRZYMANIA FAKTURY NALE\u017bY ZG\u0141OSI\u0106 MAILOWO NIEZW\u0141OCZNIE PO ZAKUPIE VOUCHERA.\u00a0<\/strong><\/span><\/p>\n<p><strong><span style=\"color: red\">Voucher wa\u017cny na okre\u015blony termin.\u00a0<\/span><\/strong><\/p>\n<p><strong><span style=\"color: red\">Do dop\u0142aty na miejscu w kasie ODTJ Autodrom Pomorze (kart\u0105 lub got\u00f3wk\u0105) &#8211; 2380 z\u0142.<\/span><\/strong><\/p>\n<p>&nbsp;<\/p>\n<p>Klient ma do swojej dyspozycji profesjonalny tor szosowy o d\u0142ugo\u015bci 1 047 m. Tor w ODTJ Autodrom Pomorze uznawany jest za wymagaj\u0105cy pod k\u0105tem techniki jazdy kierowcy. Charakteryzuje si\u0119 du\u017c\u0105 ilo\u015bci\u0105 zakr\u0119t\u00f3w o r\u00f3\u017cnych k\u0105tach nachylenia.<\/p>\n<p>&nbsp;<\/p>\n<p>&nbsp;<\/p>\n<\/div>\n","protected":false},"excerpt":{"rendered":"<p>ZAPRASZAMY W SEZONIE 2026 &nbsp; Cel: Samodzielne szlifowanie umiej\u0119tno\u015bci na torze przez grup\u0119 zorganizowan\u0105 przez Najemc\u0119 Czas trwania: 3 godziny Ilo\u015b\u0107 motocykli jednocze\u015bnie przebywaj\u0105cych na torze: maks 12 Dodatkowe wymagania:<\/p>\n","protected":false},"featured_media":6122,"comment_status":"open","ping_status":"closed","template":"","meta":[],"product_brand":[],"product_cat":[15],"product_tag":[],"class_list":{"0":"post-5960","1":"product","2":"type-product","3":"status-publish","6":"product_cat-motocykle","8":"first","9":"instock","10":"shipping-taxable","11":"purchasable","12":"product-type-variable"},"yoast_head":"<!-- This site is optimized with the Yoast SEO plugin v27.0 - https:\/\/yoast.com\/product\/yoast-seo-wordpress\/ -->\n<title>ZADATEK - WYNAJEM TORU NA TRENING MOTOCYKLOWY (DNI POWSZEDNIE \u2013 po 15.00) - Sklep Autodrom Pomorze<\/title>\n<meta name=\"description\" content=\"WYNAJEM TORU NA TRENING MOTOCYKLOWY (DNI POWSZEDNIE \u2013 po 15.00), Cel: Samodzielne szlifowanie umiej\u0119tno\u015bci na torze przez grup\u0119 zorganizowan\u0105 przez Najemc\u0119, Ilo\u015b\u0107 motocykli jednocze\u015bnie przebywaj\u0105cych na torze: maks 12,\" \/>\n<meta name=\"robots\" content=\"index, follow, max-snippet:-1, max-image-preview:large, max-video-preview:-1\" \/>\n<link rel=\"canonical\" href=\"https:\/\/sklep.autodrompomorze.pl\/index.php\/produkt\/trening_moto\/\" \/>\n<meta property=\"og:locale\" content=\"pl_PL\" \/>\n<meta property=\"og:type\" content=\"article\" \/>\n<meta property=\"og:title\" content=\"ZADATEK - WYNAJEM TORU NA TRENING MOTOCYKLOWY (DNI POWSZEDNIE \u2013 po 15.00) - Sklep Autodrom Pomorze\" \/>\n<meta property=\"og:description\" content=\"WYNAJEM TORU NA TRENING MOTOCYKLOWY (DNI POWSZEDNIE \u2013 po 15.00), Cel: Samodzielne szlifowanie umiej\u0119tno\u015bci na torze przez grup\u0119 zorganizowan\u0105 przez Najemc\u0119, Ilo\u015b\u0107 motocykli jednocze\u015bnie przebywaj\u0105cych na torze: maks 12,\" \/>\n<meta property=\"og:url\" content=\"https:\/\/sklep.autodrompomorze.pl\/index.php\/produkt\/trening_moto\/\" \/>\n<meta property=\"og:site_name\" content=\"Sklep Autodrom Pomorze\" \/>\n<meta property=\"article:modified_time\" content=\"2025-10-25T10:04:40+00:00\" \/>\n<meta property=\"og:image\" content=\"https:\/\/sklep.autodrompomorze.pl\/wp-content\/uploads\/2022\/04\/15.08.2019-271-scaled.jpg\" \/>\n\t<meta property=\"og:image:width\" content=\"2560\" \/>\n\t<meta property=\"og:image:height\" content=\"1704\" \/>\n\t<meta property=\"og:image:type\" content=\"image\/jpeg\" \/>\n<meta name=\"twitter:card\" content=\"summary_large_image\" \/>\n<meta name=\"twitter:label1\" content=\"Szacowany czas czytania\" \/>\n\t<meta name=\"twitter:data1\" content=\"2 minuty\" \/>\n<script type=\"application\/ld+json\" class=\"yoast-schema-graph\">{\"@context\":\"https:\/\/schema.org\",\"@graph\":[{\"@type\":\"WebPage\",\"@id\":\"https:\/\/sklep.autodrompomorze.pl\/index.php\/produkt\/trening_moto\/\",\"url\":\"https:\/\/sklep.autodrompomorze.pl\/index.php\/produkt\/trening_moto\/\",\"name\":\"ZADATEK - WYNAJEM TORU NA TRENING MOTOCYKLOWY (DNI POWSZEDNIE \u2013 po 15.00) - Sklep Autodrom Pomorze\",\"isPartOf\":{\"@id\":\"https:\/\/sklep.autodrompomorze.pl\/#website\"},\"primaryImageOfPage\":{\"@id\":\"https:\/\/sklep.autodrompomorze.pl\/index.php\/produkt\/trening_moto\/#primaryimage\"},\"image\":{\"@id\":\"https:\/\/sklep.autodrompomorze.pl\/index.php\/produkt\/trening_moto\/#primaryimage\"},\"thumbnailUrl\":\"https:\/\/sklep.autodrompomorze.pl\/wp-content\/uploads\/2022\/04\/15.08.2019-271-scaled.jpg\",\"datePublished\":\"2022-03-28T12:06:14+00:00\",\"dateModified\":\"2025-10-25T10:04:40+00:00\",\"description\":\"WYNAJEM TORU NA TRENING MOTOCYKLOWY (DNI POWSZEDNIE \u2013 po 15.00), Cel: Samodzielne szlifowanie umiej\u0119tno\u015bci na torze przez grup\u0119 zorganizowan\u0105 przez Najemc\u0119, Ilo\u015b\u0107 motocykli jednocze\u015bnie przebywaj\u0105cych na torze: maks 12,\",\"breadcrumb\":{\"@id\":\"https:\/\/sklep.autodrompomorze.pl\/index.php\/produkt\/trening_moto\/#breadcrumb\"},\"inLanguage\":\"pl-PL\",\"potentialAction\":[{\"@type\":\"ReadAction\",\"target\":[\"https:\/\/sklep.autodrompomorze.pl\/index.php\/produkt\/trening_moto\/\"]}]},{\"@type\":\"ImageObject\",\"inLanguage\":\"pl-PL\",\"@id\":\"https:\/\/sklep.autodrompomorze.pl\/index.php\/produkt\/trening_moto\/#primaryimage\",\"url\":\"https:\/\/sklep.autodrompomorze.pl\/wp-content\/uploads\/2022\/04\/15.08.2019-271-scaled.jpg\",\"contentUrl\":\"https:\/\/sklep.autodrompomorze.pl\/wp-content\/uploads\/2022\/04\/15.08.2019-271-scaled.jpg\",\"width\":2560,\"height\":1704},{\"@type\":\"BreadcrumbList\",\"@id\":\"https:\/\/sklep.autodrompomorze.pl\/index.php\/produkt\/trening_moto\/#breadcrumb\",\"itemListElement\":[{\"@type\":\"ListItem\",\"position\":1,\"name\":\"Strona g\u0142\u00f3wna\",\"item\":\"https:\/\/sklep.autodrompomorze.pl\/\"},{\"@type\":\"ListItem\",\"position\":2,\"name\":\"Home\",\"item\":\"https:\/\/sklep.autodrompomorze.pl\/\"},{\"@type\":\"ListItem\",\"position\":3,\"name\":\"ZADATEK &#8211; WYNAJEM TORU NA TRENING MOTOCYKLOWY (DNI POWSZEDNIE \u2013 po 15.00)\"}]},{\"@type\":\"WebSite\",\"@id\":\"https:\/\/sklep.autodrompomorze.pl\/#website\",\"url\":\"https:\/\/sklep.autodrompomorze.pl\/\",\"name\":\"Sklep Autodrom Pomorze\",\"description\":\"Kup voucher na szkolenie w O\u015brodku Doskonalenia Techniki Jazdy w Pszcz\u00f3\u0142kach\",\"publisher\":{\"@id\":\"https:\/\/sklep.autodrompomorze.pl\/#organization\"},\"potentialAction\":[{\"@type\":\"SearchAction\",\"target\":{\"@type\":\"EntryPoint\",\"urlTemplate\":\"https:\/\/sklep.autodrompomorze.pl\/?s={search_term_string}\"},\"query-input\":{\"@type\":\"PropertyValueSpecification\",\"valueRequired\":true,\"valueName\":\"search_term_string\"}}],\"inLanguage\":\"pl-PL\"},{\"@type\":\"Organization\",\"@id\":\"https:\/\/sklep.autodrompomorze.pl\/#organization\",\"name\":\"Sklep Autodrom Pomorze\",\"url\":\"https:\/\/sklep.autodrompomorze.pl\/\",\"logo\":{\"@type\":\"ImageObject\",\"inLanguage\":\"pl-PL\",\"@id\":\"https:\/\/sklep.autodrompomorze.pl\/#\/schema\/logo\/image\/\",\"url\":\"https:\/\/sklep.autodrompomorze.pl\/wp-content\/uploads\/2020\/07\/znak_1.jpg\",\"contentUrl\":\"https:\/\/sklep.autodrompomorze.pl\/wp-content\/uploads\/2020\/07\/znak_1.jpg\",\"width\":596,\"height\":363,\"caption\":\"Sklep Autodrom Pomorze\"},\"image\":{\"@id\":\"https:\/\/sklep.autodrompomorze.pl\/#\/schema\/logo\/image\/\"}}]}<\/script>\n<!-- \/ Yoast SEO plugin. -->","yoast_head_json":{"title":"ZADATEK - WYNAJEM TORU NA TRENING MOTOCYKLOWY (DNI POWSZEDNIE \u2013 po 15.00) - Sklep Autodrom Pomorze","description":"WYNAJEM TORU NA TRENING MOTOCYKLOWY (DNI POWSZEDNIE \u2013 po 15.00), Cel: Samodzielne szlifowanie umiej\u0119tno\u015bci na torze przez grup\u0119 zorganizowan\u0105 przez Najemc\u0119, Ilo\u015b\u0107 motocykli jednocze\u015bnie przebywaj\u0105cych na torze: maks 12,","robots":{"index":"index","follow":"follow","max-snippet":"max-snippet:-1","max-image-preview":"max-image-preview:large","max-video-preview":"max-video-preview:-1"},"canonical":"https:\/\/sklep.autodrompomorze.pl\/index.php\/produkt\/trening_moto\/","og_locale":"pl_PL","og_type":"article","og_title":"ZADATEK - WYNAJEM TORU NA TRENING MOTOCYKLOWY (DNI POWSZEDNIE \u2013 po 15.00) - Sklep Autodrom Pomorze","og_description":"WYNAJEM TORU NA TRENING MOTOCYKLOWY (DNI POWSZEDNIE \u2013 po 15.00), Cel: Samodzielne szlifowanie umiej\u0119tno\u015bci na torze przez grup\u0119 zorganizowan\u0105 przez Najemc\u0119, Ilo\u015b\u0107 motocykli jednocze\u015bnie przebywaj\u0105cych na torze: maks 12,","og_url":"https:\/\/sklep.autodrompomorze.pl\/index.php\/produkt\/trening_moto\/","og_site_name":"Sklep Autodrom Pomorze","article_modified_time":"2025-10-25T10:04:40+00:00","og_image":[{"width":2560,"height":1704,"url":"https:\/\/sklep.autodrompomorze.pl\/wp-content\/uploads\/2022\/04\/15.08.2019-271-scaled.jpg","type":"image\/jpeg"}],"twitter_card":"summary_large_image","twitter_misc":{"Szacowany czas czytania":"2 minuty"},"schema":{"@context":"https:\/\/schema.org","@graph":[{"@type":"WebPage","@id":"https:\/\/sklep.autodrompomorze.pl\/index.php\/produkt\/trening_moto\/","url":"https:\/\/sklep.autodrompomorze.pl\/index.php\/produkt\/trening_moto\/","name":"ZADATEK - WYNAJEM TORU NA TRENING MOTOCYKLOWY (DNI POWSZEDNIE \u2013 po 15.00) - Sklep Autodrom Pomorze","isPartOf":{"@id":"https:\/\/sklep.autodrompomorze.pl\/#website"},"primaryImageOfPage":{"@id":"https:\/\/sklep.autodrompomorze.pl\/index.php\/produkt\/trening_moto\/#primaryimage"},"image":{"@id":"https:\/\/sklep.autodrompomorze.pl\/index.php\/produkt\/trening_moto\/#primaryimage"},"thumbnailUrl":"https:\/\/sklep.autodrompomorze.pl\/wp-content\/uploads\/2022\/04\/15.08.2019-271-scaled.jpg","datePublished":"2022-03-28T12:06:14+00:00","dateModified":"2025-10-25T10:04:40+00:00","description":"WYNAJEM TORU NA TRENING MOTOCYKLOWY (DNI POWSZEDNIE \u2013 po 15.00), Cel: Samodzielne szlifowanie umiej\u0119tno\u015bci na torze przez grup\u0119 zorganizowan\u0105 przez Najemc\u0119, Ilo\u015b\u0107 motocykli jednocze\u015bnie przebywaj\u0105cych na torze: maks 12,","breadcrumb":{"@id":"https:\/\/sklep.autodrompomorze.pl\/index.php\/produkt\/trening_moto\/#breadcrumb"},"inLanguage":"pl-PL","potentialAction":[{"@type":"ReadAction","target":["https:\/\/sklep.autodrompomorze.pl\/index.php\/produkt\/trening_moto\/"]}]},{"@type":"ImageObject","inLanguage":"pl-PL","@id":"https:\/\/sklep.autodrompomorze.pl\/index.php\/produkt\/trening_moto\/#primaryimage","url":"https:\/\/sklep.autodrompomorze.pl\/wp-content\/uploads\/2022\/04\/15.08.2019-271-scaled.jpg","contentUrl":"https:\/\/sklep.autodrompomorze.pl\/wp-content\/uploads\/2022\/04\/15.08.2019-271-scaled.jpg","width":2560,"height":1704},{"@type":"BreadcrumbList","@id":"https:\/\/sklep.autodrompomorze.pl\/index.php\/produkt\/trening_moto\/#breadcrumb","itemListElement":[{"@type":"ListItem","position":1,"name":"Strona g\u0142\u00f3wna","item":"https:\/\/sklep.autodrompomorze.pl\/"},{"@type":"ListItem","position":2,"name":"Home","item":"https:\/\/sklep.autodrompomorze.pl\/"},{"@type":"ListItem","position":3,"name":"ZADATEK &#8211; WYNAJEM TORU NA TRENING MOTOCYKLOWY (DNI POWSZEDNIE \u2013 po 15.00)"}]},{"@type":"WebSite","@id":"https:\/\/sklep.autodrompomorze.pl\/#website","url":"https:\/\/sklep.autodrompomorze.pl\/","name":"Sklep Autodrom Pomorze","description":"Kup voucher na szkolenie w O\u015brodku Doskonalenia Techniki Jazdy w Pszcz\u00f3\u0142kach","publisher":{"@id":"https:\/\/sklep.autodrompomorze.pl\/#organization"},"potentialAction":[{"@type":"SearchAction","target":{"@type":"EntryPoint","urlTemplate":"https:\/\/sklep.autodrompomorze.pl\/?s={search_term_string}"},"query-input":{"@type":"PropertyValueSpecification","valueRequired":true,"valueName":"search_term_string"}}],"inLanguage":"pl-PL"},{"@type":"Organization","@id":"https:\/\/sklep.autodrompomorze.pl\/#organization","name":"Sklep Autodrom Pomorze","url":"https:\/\/sklep.autodrompomorze.pl\/","logo":{"@type":"ImageObject","inLanguage":"pl-PL","@id":"https:\/\/sklep.autodrompomorze.pl\/#\/schema\/logo\/image\/","url":"https:\/\/sklep.autodrompomorze.pl\/wp-content\/uploads\/2020\/07\/znak_1.jpg","contentUrl":"https:\/\/sklep.autodrompomorze.pl\/wp-content\/uploads\/2020\/07\/znak_1.jpg","width":596,"height":363,"caption":"Sklep Autodrom Pomorze"},"image":{"@id":"https:\/\/sklep.autodrompomorze.pl\/#\/schema\/logo\/image\/"}}]}},"_links":{"self":[{"href":"https:\/\/sklep.autodrompomorze.pl\/index.php\/wp-json\/wp\/v2\/product\/5960","targetHints":{"allow":["GET"]}}],"collection":[{"href":"https:\/\/sklep.autodrompomorze.pl\/index.php\/wp-json\/wp\/v2\/product"}],"about":[{"href":"https:\/\/sklep.autodrompomorze.pl\/index.php\/wp-json\/wp\/v2\/types\/product"}],"replies":[{"embeddable":true,"href":"https:\/\/sklep.autodrompomorze.pl\/index.php\/wp-json\/wp\/v2\/comments?post=5960"}],"wp:featuredmedia":[{"embeddable":true,"href":"https:\/\/sklep.autodrompomorze.pl\/index.php\/wp-json\/wp\/v2\/media\/6122"}],"wp:attachment":[{"href":"https:\/\/sklep.autodrompomorze.pl\/index.php\/wp-json\/wp\/v2\/media?parent=5960"}],"wp:term":[{"taxonomy":"product_brand","embeddable":true,"href":"https:\/\/sklep.autodrompomorze.pl\/index.php\/wp-json\/wp\/v2\/product_brand?post=5960"},{"taxonomy":"product_cat","embeddable":true,"href":"https:\/\/sklep.autodrompomorze.pl\/index.php\/wp-json\/wp\/v2\/product_cat?post=5960"},{"taxonomy":"product_tag","embeddable":true,"href":"https:\/\/sklep.autodrompomorze.pl\/index.php\/wp-json\/wp\/v2\/product_tag?post=5960"}],"curies":[{"name":"wp","href":"https:\/\/api.w.org\/{rel}","templated":true}]}}