{"id":585,"date":"2020-12-02T14:45:37","date_gmt":"2020-12-02T13:45:37","guid":{"rendered":"https:\/\/sklep.autodrompomorze.pl\/?post_type=product&#038;p=585"},"modified":"2026-04-28T09:50:08","modified_gmt":"2026-04-28T07:50:08","slug":"doskonalenie-techniki-jazdy-motocyklem-szkolenie-grupowe","status":"publish","type":"product","link":"https:\/\/sklep.autodrompomorze.pl\/index.php\/produkt\/doskonalenie-techniki-jazdy-motocyklem-szkolenie-grupowe\/","title":{"rendered":"Doskonalenie Techniki Jazdy Motocyklem &#8211; szkolenie grupowe"},"content":{"rendered":"<p><strong>Cel szkolenia<\/strong>: doskonalenie techniki jazdy motocyklem z naciskiem na wykorzystanie system\u00f3w bezpiecze\u0144stwa i efektywne pokonywanie zakr\u0119t\u00f3w<br \/>\n<strong>Poziom szkolenia<\/strong>: \u015bredniozaawansowany &#8211; zaawansowany<br \/>\n<strong>Czas trwania<\/strong>: 5-6 godzin<br \/>\n<strong>Pojazd<\/strong>: szkolenie obywa si\u0119 motocyklem Klienta<br \/>\n<strong>Rodzaj szkolenia<\/strong>: grupowe (1 instruktor techniki jazdy = max. 5 os\u00f3b)<br \/>\n<strong>Dostawa:<\/strong> darmowa (voucher wy\u015blemy Ci na maila zaraz po odnotowaniu wp\u0142aty &#8211; je\u015bli wybierzesz p\u0142atno\u015b\u0107 za po\u015brednictwem Przelewy24, voucher po kilku minutach b\u0119dzie u Ciebie na mailu \ud83d\ude42)<\/p>\n<p>&nbsp;<\/p>\n<p><strong>Szkolenie jest dla os\u00f3b, kt\u00f3re:<\/strong><\/p>\n<ul>\n<li>chc\u0105 poprawi\u0107 technik\u0119 jazdy w zakr\u0119tach i awaryjnych sytuacjach drogowych,<\/li>\n<li>chc\u0105 lepiej zrozumie\u0107 dzia\u0142anie system\u00f3w bezpiecze\u0144stwa (ABS, kontrola trakcji itp.),<\/li>\n<li>chc\u0105 ulepszy\u0107 swoj\u0105 dynamik\u0119 jazdy i zwi\u0119kszy\u0107 sw\u00f3j komfort i bezpiecze\u0144stwo,<\/li>\n<li>planuj\u0105 wyjazdy motocyklowe po g\u00f3rskich lub kr\u0119tych trasach,<\/li>\n<li>je\u017cd\u017c\u0105 motocyklem i chc\u0105 w wi\u0119kszym stopniu wykorzysta\u0107 jego mo\u017cliwo\u015bci,<\/li>\n<li>czuj\u0105 si\u0119 niepewnie w sytuacjach awaryjnych i chc\u0105 to zmieni\u0107 w kontrolowanych warunkach.<\/li>\n<\/ul>\n<p>&nbsp;<\/p>\n<p><strong>Szkolenie sk\u0142ada si\u0119 z dw\u00f3ch cz\u0119\u015bci \u2013 kr\u00f3tkiego wst\u0119pu teoretycznego (45 min) i rozbudowanej cz\u0119\u015bci praktycznej (min. 4 godz. i 15 min). <\/strong><\/p>\n<p><strong>Podczas cz\u0119\u015bci teoretycznej powt\u00f3rzysz:<\/strong><\/p>\n<ul>\n<li>geometri\u0119 motocykla,<\/li>\n<li>hamowanie,<\/li>\n<li>systemy bezpiecze\u0144stwa,<\/li>\n<li>pokonywanie zakr\u0119t\u00f3w,<\/li>\n<li>lini\u0119 idealn\u0105,<\/li>\n<li>skr\u0119ty motocyklem.<\/li>\n<\/ul>\n<p>Om\u00f3wimy te\u017c indywidualne problemy w zakresie kierowania jedno\u015bladem.<\/p>\n<p>&nbsp;<\/p>\n<p><strong>Podczas cz\u0119\u015bci praktycznej b\u0119dziesz \u0107wiczy\u0107 na placu manewrowym, torze szosowym i wzniesieniu.<\/strong><\/p>\n<p><strong>\u0106wiczenia na placu:<\/strong><\/p>\n<ul>\n<li>slalomy o zmiennym rozstawie,<\/li>\n<li>hamowanie awaryjne (z wykorzystaniem ABS),<\/li>\n<li>hamowanie z omijaniem przeszkody.<\/li>\n<\/ul>\n<p><strong><br \/>\n<\/strong><strong>\u0106wiczenia na torze szosowym i wzniesieniu:<\/strong><\/p>\n<ul>\n<li>hamowanie awaryjne przy du\u017cej pr\u0119dko\u015bci (z wykorzystaniem ABS),<\/li>\n<li>jazda po torze z wykorzystaniem ca\u0142ej szeroko\u015bci,<\/li>\n<li>linia idealna,<\/li>\n<li>fiksacja wzroku (przejazd przez kr\u0105\u017cek),<\/li>\n<li>hamowanie z omijaniem przeszkody przy du\u017cych pr\u0119dko\u015bciach.<\/li>\n<\/ul>\n<p>&nbsp;<\/p>\n<p><strong>Cena obejmuje:<\/strong><\/p>\n<ul>\n<li>udzia\u0142 w szkoleniu<\/li>\n<li>bufet kawowy dost\u0119pny przez ca\u0142y czas szkolenia<\/li>\n<li>obiad<\/li>\n<li>za\u015bwiadczenie o uko\u0144czeniu szkolenia<\/li>\n<\/ul>\n<p>&nbsp;<\/p>\n<p>Uwaga! Podane zadania maj\u0105 charakter pogl\u0105dowy. Ze wzgl\u0119du na indywidualny charakter szkolenia zastrzegamy mo\u017cliwo\u015b\u0107 korekty programu w zale\u017cno\u015bci od umiej\u0119tno\u015bci osoby uczestnicz\u0105cej w szkoleniu.<\/p>\n","protected":false},"excerpt":{"rendered":"<p>Cel szkolenia: doskonalenie techniki jazdy motocyklem z naciskiem na wykorzystanie system\u00f3w bezpiecze\u0144stwa i efektywne pokonywanie zakr\u0119t\u00f3w Poziom szkolenia: \u015bredniozaawansowany &#8211; zaawansowany Czas trwania: 5-6 godzin Pojazd: szkolenie obywa si\u0119 motocyklem<\/p>\n","protected":false},"featured_media":586,"comment_status":"open","ping_status":"closed","template":"","meta":[],"product_brand":[],"product_cat":[15],"product_tag":[],"class_list":{"0":"post-585","1":"product","2":"type-product","3":"status-publish","6":"product_cat-motocykle","8":"first","9":"instock","10":"shipping-taxable","11":"purchasable","12":"product-type-variable"},"yoast_head":"<!-- This site is optimized with the Yoast SEO plugin v27.0 - https:\/\/yoast.com\/product\/yoast-seo-wordpress\/ -->\n<title>Doskonalenie Techniki Jazdy Motocyklem - szkolenie grupowe - Sklep Autodrom Pomorze<\/title>\n<meta name=\"description\" content=\"Grupowe szkolenie motocyklowe - poziom \u015bredniozaawansowany \/ zaawansowany. Szkolenie z naciskiem na wykorzystanie system\u00f3w bezpiecze\u0144stwa i efektywne pokonywanie zakr\u0119t\u00f3w.\" \/>\n<meta name=\"robots\" content=\"index, follow, max-snippet:-1, max-image-preview:large, max-video-preview:-1\" \/>\n<link rel=\"canonical\" href=\"https:\/\/sklep.autodrompomorze.pl\/index.php\/produkt\/doskonalenie-techniki-jazdy-motocyklem-szkolenie-grupowe\/\" \/>\n<meta property=\"og:locale\" content=\"pl_PL\" \/>\n<meta property=\"og:type\" content=\"article\" \/>\n<meta property=\"og:title\" content=\"Doskonalenie Techniki Jazdy Motocyklem - szkolenie grupowe - Sklep Autodrom Pomorze\" \/>\n<meta property=\"og:description\" content=\"Grupowe szkolenie motocyklowe - poziom \u015bredniozaawansowany \/ zaawansowany. Szkolenie z naciskiem na wykorzystanie system\u00f3w bezpiecze\u0144stwa i efektywne pokonywanie zakr\u0119t\u00f3w.\" \/>\n<meta property=\"og:url\" content=\"https:\/\/sklep.autodrompomorze.pl\/index.php\/produkt\/doskonalenie-techniki-jazdy-motocyklem-szkolenie-grupowe\/\" \/>\n<meta property=\"og:site_name\" content=\"Sklep Autodrom Pomorze\" \/>\n<meta property=\"article:modified_time\" content=\"2026-04-28T07:50:08+00:00\" \/>\n<meta property=\"og:image\" content=\"https:\/\/sklep.autodrompomorze.pl\/wp-content\/uploads\/2020\/12\/jazda-def.png\" \/>\n\t<meta property=\"og:image:width\" content=\"400\" \/>\n\t<meta property=\"og:image:height\" content=\"300\" \/>\n\t<meta property=\"og:image:type\" content=\"image\/png\" \/>\n<meta name=\"twitter:card\" content=\"summary_large_image\" \/>\n<meta name=\"twitter:label1\" content=\"Szacowany czas czytania\" \/>\n\t<meta name=\"twitter:data1\" content=\"2 minuty\" \/>\n<script type=\"application\/ld+json\" class=\"yoast-schema-graph\">{\"@context\":\"https:\/\/schema.org\",\"@graph\":[{\"@type\":\"WebPage\",\"@id\":\"https:\/\/sklep.autodrompomorze.pl\/index.php\/produkt\/doskonalenie-techniki-jazdy-motocyklem-szkolenie-grupowe\/\",\"url\":\"https:\/\/sklep.autodrompomorze.pl\/index.php\/produkt\/doskonalenie-techniki-jazdy-motocyklem-szkolenie-grupowe\/\",\"name\":\"Doskonalenie Techniki Jazdy Motocyklem - szkolenie grupowe - Sklep Autodrom Pomorze\",\"isPartOf\":{\"@id\":\"https:\/\/sklep.autodrompomorze.pl\/#website\"},\"primaryImageOfPage\":{\"@id\":\"https:\/\/sklep.autodrompomorze.pl\/index.php\/produkt\/doskonalenie-techniki-jazdy-motocyklem-szkolenie-grupowe\/#primaryimage\"},\"image\":{\"@id\":\"https:\/\/sklep.autodrompomorze.pl\/index.php\/produkt\/doskonalenie-techniki-jazdy-motocyklem-szkolenie-grupowe\/#primaryimage\"},\"thumbnailUrl\":\"https:\/\/sklep.autodrompomorze.pl\/wp-content\/uploads\/2020\/12\/jazda-def.png\",\"datePublished\":\"2020-12-02T13:45:37+00:00\",\"dateModified\":\"2026-04-28T07:50:08+00:00\",\"description\":\"Grupowe szkolenie motocyklowe - poziom \u015bredniozaawansowany \/ zaawansowany. Szkolenie z naciskiem na wykorzystanie system\u00f3w bezpiecze\u0144stwa i efektywne pokonywanie zakr\u0119t\u00f3w.\",\"breadcrumb\":{\"@id\":\"https:\/\/sklep.autodrompomorze.pl\/index.php\/produkt\/doskonalenie-techniki-jazdy-motocyklem-szkolenie-grupowe\/#breadcrumb\"},\"inLanguage\":\"pl-PL\",\"potentialAction\":[{\"@type\":\"ReadAction\",\"target\":[\"https:\/\/sklep.autodrompomorze.pl\/index.php\/produkt\/doskonalenie-techniki-jazdy-motocyklem-szkolenie-grupowe\/\"]}]},{\"@type\":\"ImageObject\",\"inLanguage\":\"pl-PL\",\"@id\":\"https:\/\/sklep.autodrompomorze.pl\/index.php\/produkt\/doskonalenie-techniki-jazdy-motocyklem-szkolenie-grupowe\/#primaryimage\",\"url\":\"https:\/\/sklep.autodrompomorze.pl\/wp-content\/uploads\/2020\/12\/jazda-def.png\",\"contentUrl\":\"https:\/\/sklep.autodrompomorze.pl\/wp-content\/uploads\/2020\/12\/jazda-def.png\",\"width\":400,\"height\":300,\"caption\":\"szkolenie motocyklowe na torze\"},{\"@type\":\"BreadcrumbList\",\"@id\":\"https:\/\/sklep.autodrompomorze.pl\/index.php\/produkt\/doskonalenie-techniki-jazdy-motocyklem-szkolenie-grupowe\/#breadcrumb\",\"itemListElement\":[{\"@type\":\"ListItem\",\"position\":1,\"name\":\"Strona g\u0142\u00f3wna\",\"item\":\"https:\/\/sklep.autodrompomorze.pl\/\"},{\"@type\":\"ListItem\",\"position\":2,\"name\":\"Home\",\"item\":\"https:\/\/sklep.autodrompomorze.pl\/\"},{\"@type\":\"ListItem\",\"position\":3,\"name\":\"Doskonalenie Techniki Jazdy Motocyklem &#8211; szkolenie grupowe\"}]},{\"@type\":\"WebSite\",\"@id\":\"https:\/\/sklep.autodrompomorze.pl\/#website\",\"url\":\"https:\/\/sklep.autodrompomorze.pl\/\",\"name\":\"Sklep Autodrom Pomorze\",\"description\":\"Kup voucher na szkolenie w O\u015brodku Doskonalenia Techniki Jazdy w Pszcz\u00f3\u0142kach\",\"publisher\":{\"@id\":\"https:\/\/sklep.autodrompomorze.pl\/#organization\"},\"potentialAction\":[{\"@type\":\"SearchAction\",\"target\":{\"@type\":\"EntryPoint\",\"urlTemplate\":\"https:\/\/sklep.autodrompomorze.pl\/?s={search_term_string}\"},\"query-input\":{\"@type\":\"PropertyValueSpecification\",\"valueRequired\":true,\"valueName\":\"search_term_string\"}}],\"inLanguage\":\"pl-PL\"},{\"@type\":\"Organization\",\"@id\":\"https:\/\/sklep.autodrompomorze.pl\/#organization\",\"name\":\"Sklep Autodrom Pomorze\",\"url\":\"https:\/\/sklep.autodrompomorze.pl\/\",\"logo\":{\"@type\":\"ImageObject\",\"inLanguage\":\"pl-PL\",\"@id\":\"https:\/\/sklep.autodrompomorze.pl\/#\/schema\/logo\/image\/\",\"url\":\"https:\/\/sklep.autodrompomorze.pl\/wp-content\/uploads\/2020\/07\/znak_1.jpg\",\"contentUrl\":\"https:\/\/sklep.autodrompomorze.pl\/wp-content\/uploads\/2020\/07\/znak_1.jpg\",\"width\":596,\"height\":363,\"caption\":\"Sklep Autodrom Pomorze\"},\"image\":{\"@id\":\"https:\/\/sklep.autodrompomorze.pl\/#\/schema\/logo\/image\/\"}}]}<\/script>\n<!-- \/ Yoast SEO plugin. -->","yoast_head_json":{"title":"Doskonalenie Techniki Jazdy Motocyklem - szkolenie grupowe - Sklep Autodrom Pomorze","description":"Grupowe szkolenie motocyklowe - poziom \u015bredniozaawansowany \/ zaawansowany. Szkolenie z naciskiem na wykorzystanie system\u00f3w bezpiecze\u0144stwa i efektywne pokonywanie zakr\u0119t\u00f3w.","robots":{"index":"index","follow":"follow","max-snippet":"max-snippet:-1","max-image-preview":"max-image-preview:large","max-video-preview":"max-video-preview:-1"},"canonical":"https:\/\/sklep.autodrompomorze.pl\/index.php\/produkt\/doskonalenie-techniki-jazdy-motocyklem-szkolenie-grupowe\/","og_locale":"pl_PL","og_type":"article","og_title":"Doskonalenie Techniki Jazdy Motocyklem - szkolenie grupowe - Sklep Autodrom Pomorze","og_description":"Grupowe szkolenie motocyklowe - poziom \u015bredniozaawansowany \/ zaawansowany. Szkolenie z naciskiem na wykorzystanie system\u00f3w bezpiecze\u0144stwa i efektywne pokonywanie zakr\u0119t\u00f3w.","og_url":"https:\/\/sklep.autodrompomorze.pl\/index.php\/produkt\/doskonalenie-techniki-jazdy-motocyklem-szkolenie-grupowe\/","og_site_name":"Sklep Autodrom Pomorze","article_modified_time":"2026-04-28T07:50:08+00:00","og_image":[{"width":400,"height":300,"url":"https:\/\/sklep.autodrompomorze.pl\/wp-content\/uploads\/2020\/12\/jazda-def.png","type":"image\/png"}],"twitter_card":"summary_large_image","twitter_misc":{"Szacowany czas czytania":"2 minuty"},"schema":{"@context":"https:\/\/schema.org","@graph":[{"@type":"WebPage","@id":"https:\/\/sklep.autodrompomorze.pl\/index.php\/produkt\/doskonalenie-techniki-jazdy-motocyklem-szkolenie-grupowe\/","url":"https:\/\/sklep.autodrompomorze.pl\/index.php\/produkt\/doskonalenie-techniki-jazdy-motocyklem-szkolenie-grupowe\/","name":"Doskonalenie Techniki Jazdy Motocyklem - szkolenie grupowe - Sklep Autodrom Pomorze","isPartOf":{"@id":"https:\/\/sklep.autodrompomorze.pl\/#website"},"primaryImageOfPage":{"@id":"https:\/\/sklep.autodrompomorze.pl\/index.php\/produkt\/doskonalenie-techniki-jazdy-motocyklem-szkolenie-grupowe\/#primaryimage"},"image":{"@id":"https:\/\/sklep.autodrompomorze.pl\/index.php\/produkt\/doskonalenie-techniki-jazdy-motocyklem-szkolenie-grupowe\/#primaryimage"},"thumbnailUrl":"https:\/\/sklep.autodrompomorze.pl\/wp-content\/uploads\/2020\/12\/jazda-def.png","datePublished":"2020-12-02T13:45:37+00:00","dateModified":"2026-04-28T07:50:08+00:00","description":"Grupowe szkolenie motocyklowe - poziom \u015bredniozaawansowany \/ zaawansowany. Szkolenie z naciskiem na wykorzystanie system\u00f3w bezpiecze\u0144stwa i efektywne pokonywanie zakr\u0119t\u00f3w.","breadcrumb":{"@id":"https:\/\/sklep.autodrompomorze.pl\/index.php\/produkt\/doskonalenie-techniki-jazdy-motocyklem-szkolenie-grupowe\/#breadcrumb"},"inLanguage":"pl-PL","potentialAction":[{"@type":"ReadAction","target":["https:\/\/sklep.autodrompomorze.pl\/index.php\/produkt\/doskonalenie-techniki-jazdy-motocyklem-szkolenie-grupowe\/"]}]},{"@type":"ImageObject","inLanguage":"pl-PL","@id":"https:\/\/sklep.autodrompomorze.pl\/index.php\/produkt\/doskonalenie-techniki-jazdy-motocyklem-szkolenie-grupowe\/#primaryimage","url":"https:\/\/sklep.autodrompomorze.pl\/wp-content\/uploads\/2020\/12\/jazda-def.png","contentUrl":"https:\/\/sklep.autodrompomorze.pl\/wp-content\/uploads\/2020\/12\/jazda-def.png","width":400,"height":300,"caption":"szkolenie motocyklowe na torze"},{"@type":"BreadcrumbList","@id":"https:\/\/sklep.autodrompomorze.pl\/index.php\/produkt\/doskonalenie-techniki-jazdy-motocyklem-szkolenie-grupowe\/#breadcrumb","itemListElement":[{"@type":"ListItem","position":1,"name":"Strona g\u0142\u00f3wna","item":"https:\/\/sklep.autodrompomorze.pl\/"},{"@type":"ListItem","position":2,"name":"Home","item":"https:\/\/sklep.autodrompomorze.pl\/"},{"@type":"ListItem","position":3,"name":"Doskonalenie Techniki Jazdy Motocyklem &#8211; szkolenie grupowe"}]},{"@type":"WebSite","@id":"https:\/\/sklep.autodrompomorze.pl\/#website","url":"https:\/\/sklep.autodrompomorze.pl\/","name":"Sklep Autodrom Pomorze","description":"Kup voucher na szkolenie w O\u015brodku Doskonalenia Techniki Jazdy w Pszcz\u00f3\u0142kach","publisher":{"@id":"https:\/\/sklep.autodrompomorze.pl\/#organization"},"potentialAction":[{"@type":"SearchAction","target":{"@type":"EntryPoint","urlTemplate":"https:\/\/sklep.autodrompomorze.pl\/?s={search_term_string}"},"query-input":{"@type":"PropertyValueSpecification","valueRequired":true,"valueName":"search_term_string"}}],"inLanguage":"pl-PL"},{"@type":"Organization","@id":"https:\/\/sklep.autodrompomorze.pl\/#organization","name":"Sklep Autodrom Pomorze","url":"https:\/\/sklep.autodrompomorze.pl\/","logo":{"@type":"ImageObject","inLanguage":"pl-PL","@id":"https:\/\/sklep.autodrompomorze.pl\/#\/schema\/logo\/image\/","url":"https:\/\/sklep.autodrompomorze.pl\/wp-content\/uploads\/2020\/07\/znak_1.jpg","contentUrl":"https:\/\/sklep.autodrompomorze.pl\/wp-content\/uploads\/2020\/07\/znak_1.jpg","width":596,"height":363,"caption":"Sklep Autodrom Pomorze"},"image":{"@id":"https:\/\/sklep.autodrompomorze.pl\/#\/schema\/logo\/image\/"}}]}},"_links":{"self":[{"href":"https:\/\/sklep.autodrompomorze.pl\/index.php\/wp-json\/wp\/v2\/product\/585","targetHints":{"allow":["GET"]}}],"collection":[{"href":"https:\/\/sklep.autodrompomorze.pl\/index.php\/wp-json\/wp\/v2\/product"}],"about":[{"href":"https:\/\/sklep.autodrompomorze.pl\/index.php\/wp-json\/wp\/v2\/types\/product"}],"replies":[{"embeddable":true,"href":"https:\/\/sklep.autodrompomorze.pl\/index.php\/wp-json\/wp\/v2\/comments?post=585"}],"wp:featuredmedia":[{"embeddable":true,"href":"https:\/\/sklep.autodrompomorze.pl\/index.php\/wp-json\/wp\/v2\/media\/586"}],"wp:attachment":[{"href":"https:\/\/sklep.autodrompomorze.pl\/index.php\/wp-json\/wp\/v2\/media?parent=585"}],"wp:term":[{"taxonomy":"product_brand","embeddable":true,"href":"https:\/\/sklep.autodrompomorze.pl\/index.php\/wp-json\/wp\/v2\/product_brand?post=585"},{"taxonomy":"product_cat","embeddable":true,"href":"https:\/\/sklep.autodrompomorze.pl\/index.php\/wp-json\/wp\/v2\/product_cat?post=585"},{"taxonomy":"product_tag","embeddable":true,"href":"https:\/\/sklep.autodrompomorze.pl\/index.php\/wp-json\/wp\/v2\/product_tag?post=585"}],"curies":[{"name":"wp","href":"https:\/\/api.w.org\/{rel}","templated":true}]}}