{"id":21965,"date":"2026-03-23T13:29:07","date_gmt":"2026-03-23T12:29:07","guid":{"rendered":"https:\/\/sklep.autodrompomorze.pl\/?post_type=product&#038;p=21965"},"modified":"2026-04-19T11:32:19","modified_gmt":"2026-04-19T09:32:19","slug":"beesafe-kat-d-wlasny-pojazd","status":"publish","type":"product","link":"https:\/\/sklep.autodrompomorze.pl\/index.php\/produkt\/beesafe-kat-d-wlasny-pojazd\/","title":{"rendered":"BeeSafe kat. D &#8211; w\u0142asny pojazd"},"content":{"rendered":"<p><strong>Cel szkolenia<\/strong>: Radzenie sobie w trudnych, nieoczekiwanych sytuacjach na drodze (m.in. unikanie po\u015blizg\u00f3w, omijania przeszk\u00f3d)<br \/>\n<strong>Poziom szkolenia<\/strong>: zaawansowany<br \/>\n<strong>Czas trwania<\/strong>: 1 godzina<br \/>\n<strong>Pojazd<\/strong>: szkolenie obywa si\u0119 samochodem Klienta<br \/>\n<strong>Rodzaj szkolenia<\/strong>: indywidualne<br \/>\n<strong>Dostawa:<\/strong> darmowa (voucher wy\u015blemy Ci na maila zaraz po odnotowaniu wp\u0142aty &#8211; je\u015bli wybierzesz p\u0142atno\u015b\u0107 za po\u015brednictwem Przelewy24, voucher po kilku minutach b\u0119dzie u Ciebie na mailu \ud83d\ude42)<\/p>\n<p><strong>Voucher wa\u017cny 6 miesi\u0119cy od dnia zakupu.<\/strong><br \/>\n<strong>Szkolenie odbywa si\u0119 w formule 1:1. W poje\u017adzie mo\u017ce znajdowa\u0107 si\u0119 tylko osoba szkolona oraz instruktor.<\/strong><\/p>\n<p>Doskonalenie techniki Jazdy autobusem to indywidualny warsztat z instruktorem odbywaj\u0105cy si\u0119 na p\u0142ytach po\u015blizgowych (prostok\u0105tnej i pier\u015bciennej). Ze wzgl\u0119du na zaawansowany poziom szkolenia \u0107wiczenia dobierane s\u0105 indywidualnie do umiej\u0119tno\u015bci Klienta przez instruktora techniki jazdy.<\/p>\n","protected":false},"excerpt":{"rendered":"<p>Cel szkolenia: Radzenie sobie w trudnych, nieoczekiwanych sytuacjach na drodze (m.in. unikanie po\u015blizg\u00f3w, omijania przeszk\u00f3d) Poziom szkolenia: zaawansowany Czas trwania: 1 godzina Pojazd: szkolenie obywa si\u0119 samochodem Klienta Rodzaj szkolenia:<\/p>\n","protected":false},"featured_media":21911,"comment_status":"open","ping_status":"closed","template":"","meta":[],"product_brand":[],"product_cat":[25],"product_tag":[],"class_list":{"0":"post-21965","1":"product","2":"type-product","3":"status-publish","6":"product_cat-autobus","8":"first","9":"instock","10":"downloadable","11":"shipping-taxable","12":"purchasable","13":"product-type-simple"},"yoast_head":"<!-- This site is optimized with the Yoast SEO plugin v27.0 - https:\/\/yoast.com\/product\/yoast-seo-wordpress\/ -->\n<title>BeeSafe kat. D - w\u0142asny pojazd - Sklep Autodrom Pomorze<\/title>\n<meta name=\"robots\" content=\"index, follow, max-snippet:-1, max-image-preview:large, max-video-preview:-1\" \/>\n<link rel=\"canonical\" href=\"https:\/\/sklep.autodrompomorze.pl\/index.php\/produkt\/beesafe-kat-d-wlasny-pojazd\/\" \/>\n<meta property=\"og:locale\" content=\"pl_PL\" \/>\n<meta property=\"og:type\" content=\"article\" \/>\n<meta property=\"og:title\" content=\"BeeSafe kat. D - w\u0142asny pojazd - Sklep Autodrom Pomorze\" \/>\n<meta property=\"og:description\" content=\"Cel szkolenia: Radzenie sobie w trudnych, nieoczekiwanych sytuacjach na drodze (m.in. unikanie po\u015blizg\u00f3w, omijania przeszk\u00f3d) Poziom szkolenia: zaawansowany Czas trwania: 1 godzina Pojazd: szkolenie obywa si\u0119 samochodem Klienta Rodzaj szkolenia:\" \/>\n<meta property=\"og:url\" content=\"https:\/\/sklep.autodrompomorze.pl\/index.php\/produkt\/beesafe-kat-d-wlasny-pojazd\/\" \/>\n<meta property=\"og:site_name\" content=\"Sklep Autodrom Pomorze\" \/>\n<meta property=\"article:modified_time\" content=\"2026-04-19T09:32:19+00:00\" \/>\n<meta property=\"og:image\" content=\"https:\/\/sklep.autodrompomorze.pl\/wp-content\/uploads\/2020\/10\/zdj-produktu-d.png\" \/>\n\t<meta property=\"og:image:width\" content=\"2048\" \/>\n\t<meta property=\"og:image:height\" content=\"1365\" \/>\n\t<meta property=\"og:image:type\" content=\"image\/png\" \/>\n<meta name=\"twitter:card\" content=\"summary_large_image\" \/>\n<meta name=\"twitter:label1\" content=\"Szacowany czas czytania\" \/>\n\t<meta name=\"twitter:data1\" content=\"1 minuta\" \/>\n<script type=\"application\/ld+json\" class=\"yoast-schema-graph\">{\"@context\":\"https:\/\/schema.org\",\"@graph\":[{\"@type\":\"WebPage\",\"@id\":\"https:\/\/sklep.autodrompomorze.pl\/index.php\/produkt\/beesafe-kat-d-wlasny-pojazd\/\",\"url\":\"https:\/\/sklep.autodrompomorze.pl\/index.php\/produkt\/beesafe-kat-d-wlasny-pojazd\/\",\"name\":\"BeeSafe kat. D - w\u0142asny pojazd - Sklep Autodrom Pomorze\",\"isPartOf\":{\"@id\":\"https:\/\/sklep.autodrompomorze.pl\/#website\"},\"primaryImageOfPage\":{\"@id\":\"https:\/\/sklep.autodrompomorze.pl\/index.php\/produkt\/beesafe-kat-d-wlasny-pojazd\/#primaryimage\"},\"image\":{\"@id\":\"https:\/\/sklep.autodrompomorze.pl\/index.php\/produkt\/beesafe-kat-d-wlasny-pojazd\/#primaryimage\"},\"thumbnailUrl\":\"https:\/\/sklep.autodrompomorze.pl\/wp-content\/uploads\/2020\/10\/zdj-produktu-d.png\",\"datePublished\":\"2026-03-23T12:29:07+00:00\",\"dateModified\":\"2026-04-19T09:32:19+00:00\",\"breadcrumb\":{\"@id\":\"https:\/\/sklep.autodrompomorze.pl\/index.php\/produkt\/beesafe-kat-d-wlasny-pojazd\/#breadcrumb\"},\"inLanguage\":\"pl-PL\",\"potentialAction\":[{\"@type\":\"ReadAction\",\"target\":[\"https:\/\/sklep.autodrompomorze.pl\/index.php\/produkt\/beesafe-kat-d-wlasny-pojazd\/\"]}]},{\"@type\":\"ImageObject\",\"inLanguage\":\"pl-PL\",\"@id\":\"https:\/\/sklep.autodrompomorze.pl\/index.php\/produkt\/beesafe-kat-d-wlasny-pojazd\/#primaryimage\",\"url\":\"https:\/\/sklep.autodrompomorze.pl\/wp-content\/uploads\/2020\/10\/zdj-produktu-d.png\",\"contentUrl\":\"https:\/\/sklep.autodrompomorze.pl\/wp-content\/uploads\/2020\/10\/zdj-produktu-d.png\",\"width\":2048,\"height\":1365,\"caption\":\"Doskonalenie techniki jazdy autobusem\"},{\"@type\":\"BreadcrumbList\",\"@id\":\"https:\/\/sklep.autodrompomorze.pl\/index.php\/produkt\/beesafe-kat-d-wlasny-pojazd\/#breadcrumb\",\"itemListElement\":[{\"@type\":\"ListItem\",\"position\":1,\"name\":\"Strona g\u0142\u00f3wna\",\"item\":\"https:\/\/sklep.autodrompomorze.pl\/\"},{\"@type\":\"ListItem\",\"position\":2,\"name\":\"Home\",\"item\":\"https:\/\/sklep.autodrompomorze.pl\/\"},{\"@type\":\"ListItem\",\"position\":3,\"name\":\"BeeSafe kat. D &#8211; w\u0142asny pojazd\"}]},{\"@type\":\"WebSite\",\"@id\":\"https:\/\/sklep.autodrompomorze.pl\/#website\",\"url\":\"https:\/\/sklep.autodrompomorze.pl\/\",\"name\":\"Sklep Autodrom Pomorze\",\"description\":\"Kup voucher na szkolenie w O\u015brodku Doskonalenia Techniki Jazdy w Pszcz\u00f3\u0142kach\",\"publisher\":{\"@id\":\"https:\/\/sklep.autodrompomorze.pl\/#organization\"},\"potentialAction\":[{\"@type\":\"SearchAction\",\"target\":{\"@type\":\"EntryPoint\",\"urlTemplate\":\"https:\/\/sklep.autodrompomorze.pl\/?s={search_term_string}\"},\"query-input\":{\"@type\":\"PropertyValueSpecification\",\"valueRequired\":true,\"valueName\":\"search_term_string\"}}],\"inLanguage\":\"pl-PL\"},{\"@type\":\"Organization\",\"@id\":\"https:\/\/sklep.autodrompomorze.pl\/#organization\",\"name\":\"Sklep Autodrom Pomorze\",\"url\":\"https:\/\/sklep.autodrompomorze.pl\/\",\"logo\":{\"@type\":\"ImageObject\",\"inLanguage\":\"pl-PL\",\"@id\":\"https:\/\/sklep.autodrompomorze.pl\/#\/schema\/logo\/image\/\",\"url\":\"https:\/\/sklep.autodrompomorze.pl\/wp-content\/uploads\/2020\/07\/znak_1.jpg\",\"contentUrl\":\"https:\/\/sklep.autodrompomorze.pl\/wp-content\/uploads\/2020\/07\/znak_1.jpg\",\"width\":596,\"height\":363,\"caption\":\"Sklep Autodrom Pomorze\"},\"image\":{\"@id\":\"https:\/\/sklep.autodrompomorze.pl\/#\/schema\/logo\/image\/\"}}]}<\/script>\n<!-- \/ Yoast SEO plugin. -->","yoast_head_json":{"title":"BeeSafe kat. D - w\u0142asny pojazd - Sklep Autodrom Pomorze","robots":{"index":"index","follow":"follow","max-snippet":"max-snippet:-1","max-image-preview":"max-image-preview:large","max-video-preview":"max-video-preview:-1"},"canonical":"https:\/\/sklep.autodrompomorze.pl\/index.php\/produkt\/beesafe-kat-d-wlasny-pojazd\/","og_locale":"pl_PL","og_type":"article","og_title":"BeeSafe kat. D - w\u0142asny pojazd - Sklep Autodrom Pomorze","og_description":"Cel szkolenia: Radzenie sobie w trudnych, nieoczekiwanych sytuacjach na drodze (m.in. unikanie po\u015blizg\u00f3w, omijania przeszk\u00f3d) Poziom szkolenia: zaawansowany Czas trwania: 1 godzina Pojazd: szkolenie obywa si\u0119 samochodem Klienta Rodzaj szkolenia:","og_url":"https:\/\/sklep.autodrompomorze.pl\/index.php\/produkt\/beesafe-kat-d-wlasny-pojazd\/","og_site_name":"Sklep Autodrom Pomorze","article_modified_time":"2026-04-19T09:32:19+00:00","og_image":[{"width":2048,"height":1365,"url":"https:\/\/sklep.autodrompomorze.pl\/wp-content\/uploads\/2020\/10\/zdj-produktu-d.png","type":"image\/png"}],"twitter_card":"summary_large_image","twitter_misc":{"Szacowany czas czytania":"1 minuta"},"schema":{"@context":"https:\/\/schema.org","@graph":[{"@type":"WebPage","@id":"https:\/\/sklep.autodrompomorze.pl\/index.php\/produkt\/beesafe-kat-d-wlasny-pojazd\/","url":"https:\/\/sklep.autodrompomorze.pl\/index.php\/produkt\/beesafe-kat-d-wlasny-pojazd\/","name":"BeeSafe kat. D - w\u0142asny pojazd - Sklep Autodrom Pomorze","isPartOf":{"@id":"https:\/\/sklep.autodrompomorze.pl\/#website"},"primaryImageOfPage":{"@id":"https:\/\/sklep.autodrompomorze.pl\/index.php\/produkt\/beesafe-kat-d-wlasny-pojazd\/#primaryimage"},"image":{"@id":"https:\/\/sklep.autodrompomorze.pl\/index.php\/produkt\/beesafe-kat-d-wlasny-pojazd\/#primaryimage"},"thumbnailUrl":"https:\/\/sklep.autodrompomorze.pl\/wp-content\/uploads\/2020\/10\/zdj-produktu-d.png","datePublished":"2026-03-23T12:29:07+00:00","dateModified":"2026-04-19T09:32:19+00:00","breadcrumb":{"@id":"https:\/\/sklep.autodrompomorze.pl\/index.php\/produkt\/beesafe-kat-d-wlasny-pojazd\/#breadcrumb"},"inLanguage":"pl-PL","potentialAction":[{"@type":"ReadAction","target":["https:\/\/sklep.autodrompomorze.pl\/index.php\/produkt\/beesafe-kat-d-wlasny-pojazd\/"]}]},{"@type":"ImageObject","inLanguage":"pl-PL","@id":"https:\/\/sklep.autodrompomorze.pl\/index.php\/produkt\/beesafe-kat-d-wlasny-pojazd\/#primaryimage","url":"https:\/\/sklep.autodrompomorze.pl\/wp-content\/uploads\/2020\/10\/zdj-produktu-d.png","contentUrl":"https:\/\/sklep.autodrompomorze.pl\/wp-content\/uploads\/2020\/10\/zdj-produktu-d.png","width":2048,"height":1365,"caption":"Doskonalenie techniki jazdy autobusem"},{"@type":"BreadcrumbList","@id":"https:\/\/sklep.autodrompomorze.pl\/index.php\/produkt\/beesafe-kat-d-wlasny-pojazd\/#breadcrumb","itemListElement":[{"@type":"ListItem","position":1,"name":"Strona g\u0142\u00f3wna","item":"https:\/\/sklep.autodrompomorze.pl\/"},{"@type":"ListItem","position":2,"name":"Home","item":"https:\/\/sklep.autodrompomorze.pl\/"},{"@type":"ListItem","position":3,"name":"BeeSafe kat. D &#8211; w\u0142asny pojazd"}]},{"@type":"WebSite","@id":"https:\/\/sklep.autodrompomorze.pl\/#website","url":"https:\/\/sklep.autodrompomorze.pl\/","name":"Sklep Autodrom Pomorze","description":"Kup voucher na szkolenie w O\u015brodku Doskonalenia Techniki Jazdy w Pszcz\u00f3\u0142kach","publisher":{"@id":"https:\/\/sklep.autodrompomorze.pl\/#organization"},"potentialAction":[{"@type":"SearchAction","target":{"@type":"EntryPoint","urlTemplate":"https:\/\/sklep.autodrompomorze.pl\/?s={search_term_string}"},"query-input":{"@type":"PropertyValueSpecification","valueRequired":true,"valueName":"search_term_string"}}],"inLanguage":"pl-PL"},{"@type":"Organization","@id":"https:\/\/sklep.autodrompomorze.pl\/#organization","name":"Sklep Autodrom Pomorze","url":"https:\/\/sklep.autodrompomorze.pl\/","logo":{"@type":"ImageObject","inLanguage":"pl-PL","@id":"https:\/\/sklep.autodrompomorze.pl\/#\/schema\/logo\/image\/","url":"https:\/\/sklep.autodrompomorze.pl\/wp-content\/uploads\/2020\/07\/znak_1.jpg","contentUrl":"https:\/\/sklep.autodrompomorze.pl\/wp-content\/uploads\/2020\/07\/znak_1.jpg","width":596,"height":363,"caption":"Sklep Autodrom Pomorze"},"image":{"@id":"https:\/\/sklep.autodrompomorze.pl\/#\/schema\/logo\/image\/"}}]}},"_links":{"self":[{"href":"https:\/\/sklep.autodrompomorze.pl\/index.php\/wp-json\/wp\/v2\/product\/21965","targetHints":{"allow":["GET"]}}],"collection":[{"href":"https:\/\/sklep.autodrompomorze.pl\/index.php\/wp-json\/wp\/v2\/product"}],"about":[{"href":"https:\/\/sklep.autodrompomorze.pl\/index.php\/wp-json\/wp\/v2\/types\/product"}],"replies":[{"embeddable":true,"href":"https:\/\/sklep.autodrompomorze.pl\/index.php\/wp-json\/wp\/v2\/comments?post=21965"}],"wp:featuredmedia":[{"embeddable":true,"href":"https:\/\/sklep.autodrompomorze.pl\/index.php\/wp-json\/wp\/v2\/media\/21911"}],"wp:attachment":[{"href":"https:\/\/sklep.autodrompomorze.pl\/index.php\/wp-json\/wp\/v2\/media?parent=21965"}],"wp:term":[{"taxonomy":"product_brand","embeddable":true,"href":"https:\/\/sklep.autodrompomorze.pl\/index.php\/wp-json\/wp\/v2\/product_brand?post=21965"},{"taxonomy":"product_cat","embeddable":true,"href":"https:\/\/sklep.autodrompomorze.pl\/index.php\/wp-json\/wp\/v2\/product_cat?post=21965"},{"taxonomy":"product_tag","embeddable":true,"href":"https:\/\/sklep.autodrompomorze.pl\/index.php\/wp-json\/wp\/v2\/product_tag?post=21965"}],"curies":[{"name":"wp","href":"https:\/\/api.w.org\/{rel}","templated":true}]}}