{"id":21960,"date":"2026-03-23T12:15:13","date_gmt":"2026-03-23T11:15:13","guid":{"rendered":"https:\/\/sklep.autodrompomorze.pl\/?post_type=product&#038;p=21960"},"modified":"2026-05-01T09:13:29","modified_gmt":"2026-05-01T07:13:29","slug":"beesafe-pojazd-odtj-2","status":"publish","type":"product","link":"https:\/\/sklep.autodrompomorze.pl\/index.php\/produkt\/beesafe-pojazd-odtj-2\/","title":{"rendered":"BeeSafe kat. B &#8211; pojazd ODTJ"},"content":{"rendered":"<p><strong>BeeSafe (nazywane przez Was szkoleniem z po\u015blizg\u00f3w) to nasz bestseller (doskonalenie techniki jazdy) pod now\u0105 nazw\u0105! Podczas szkolenia nauczysz si\u0119, jak poradzi\u0107 sobie w nag\u0142ych i nieoczywistych sytuacjach na drodze. To r\u00f3wnie\u017c doskona\u0142a okazja do sprawdzenia si\u0119 w trudnych warunkach np. podczas po\u015blizgu.<\/strong><\/p>\n<p>&nbsp;<\/p>\n<p><span style=\"color: #ff0000;\"><strong>Dla kogo jest to szkolenie?<\/strong><\/span><\/p>\n<p>Szkolenie jest dla os\u00f3b, kt\u00f3re:<\/p>\n<ul>\n<li>lubi\u0105 je\u017adzi\u0107 samochodem<\/li>\n<li>chc\u0105 \u2013 w bezpiecznych warunkach \u2013 przetestowa\u0107, jak auto zachowuje si\u0119 podczas po\u015blizgu,<\/li>\n<li>chc\u0105 podnie\u015b\u0107 swoje umiej\u0119tno\u015bci za kierownic\u0105,<\/li>\n<li>chc\u0105 lepiej reagowa\u0107 w trudnych sytuacjach na drodze (nag\u0142e pojawienie si\u0119 przeszkody, kolizji czy wypadku itp.),<\/li>\n<li>s\u0105 otwarte na nowe do\u015bwiadczenia.<\/li>\n<\/ul>\n<p>&nbsp;<\/p>\n<p><img loading=\"lazy\" decoding=\"async\" class=\"alignnone wp-image-854 \" src=\"https:\/\/sklep.autodrompomorze.pl\/wp-content\/uploads\/2020\/12\/Projekt-bez-tytulu-13.png\" alt=\"doskonalenie techniki jazdy na p\u0142ycie po\u015blizgowej\" width=\"491\" height=\"368\" srcset=\"https:\/\/sklep.autodrompomorze.pl\/wp-content\/uploads\/2020\/12\/Projekt-bez-tytulu-13.png 400w, https:\/\/sklep.autodrompomorze.pl\/wp-content\/uploads\/2020\/12\/Projekt-bez-tytulu-13-300x225.png 300w\" sizes=\"auto, (max-width: 491px) 100vw, 491px\" \/><\/p>\n<p>&nbsp;<\/p>\n<p><span style=\"color: #ff0000;\"><strong>Co jest celem szkolenia?<\/strong><\/span><\/p>\n<p>Podczas szkolenia BeeSafe nauczymy Ci\u0119 pojazdem zapewnionym przez ODTJ Autodrom Pomorze (Toyota Yaris z manualn\u0105 skrzyni\u0105 bieg\u00f3w), jak radzi\u0107 sobie w trudnych i nieoczywistych na drodze. Pojazd posiada manualn\u0105 skrzyni\u0119 bieg\u00f3w.<\/p>\n<p>Podczas szkolenia:<\/p>\n<ul>\n<li>dowiesz si\u0119, jak efektywnie unika\u0107 po\u015blizg\u00f3w,<\/li>\n<li>nauczysz si\u0119, jak omija\u0107 nagle pojawiaj\u0105ce si\u0119 przeszkody na drodze,<\/li>\n<li>por\u00f3wnasz drog\u0119 hamowania pojazdu przy r\u00f3\u017cnych pr\u0119dko\u015bciach,<\/li>\n<li>przetestujesz systemy bezpiecze\u0144stwa w samochodzie i zrozumiesz ich dzia\u0142anie,<\/li>\n<li>wprowadzisz auto w nadsterowno\u015b\u0107 i podsterowno\u015b\u0107,<\/li>\n<li>sprawdzisz w\u0142asne mo\u017cliwo\u015bci jako kierowca.<\/li>\n<\/ul>\n<p><span style=\"color: #ff0000;\"><strong>W jaki spos\u00f3b szkolimy?<\/strong><\/span><\/p>\n<p>BeeSafe to szkolenie praktyczne. Odbywa si\u0119 w formule 1:1, czyli jedna osoba szkolona \u0107wiczy w samochodzie pod okiem do\u015bwiadczonego instruktora techniki jazdy.<br \/>\nW poje\u017adzie mo\u017ce znajdowa\u0107 si\u0119 tylko osoba szkolona oraz instruktor. Szkolenie g\u0142\u00f3wnie odbywa si\u0119 na <strong>specjalnych p\u0142ytach po\u015blizgowych<\/strong>. S\u0105 one tak skonstruowane, \u017ce otrzymujemy warunki \u015bliskiej\/mokrej\/oblodzonej drogi.<\/p>\n<p><span style=\"color: #ff0000;\"><strong>Program szkolenia<\/strong><\/span><\/p>\n<p>Ze wzgl\u0119du na\u00a0<strong>bardzo indywidualny charakter szkolenia<\/strong>\u00a0nie mamy sta\u0142ego programu szkolenia.\u00a0<strong>Zadania dobierane s\u0105 bezpo\u015brednio do umiej\u0119tno\u015bci osoby uczestnicz\u0105cej w szkoleniu<\/strong>\u00a0i ilo\u015bci godzin doskonalenia.<\/p>\n<p>Natomiast poni\u017cej przedstawiamy przyk\u0142adowe zadania, kt\u00f3rych mo\u017cecie spodziewa\u0107 si\u0119 podczas BeeSafe:<\/p>\n<ul>\n<li>technika ruszania na \u015bliskiej nawierzchni,<\/li>\n<li>nadsterowno\u015b\u0107 i podsterowno\u015b\u0107 \u2013 jazda na p\u0142ycie po\u015blizgowej, poznanie granicy mo\u017cliwo\u015bci kierowcy i pojazdu,<\/li>\n<li>por\u00f3wnanie drogi hamowania przy r\u00f3\u017cnych pr\u0119dko\u015bciach,<\/li>\n<li>slalom na p\u0142ycie po\u015blizgowej \u2013 pozycja i efektywno\u015b\u0107 pracy za kierownic\u0105, zrozumienie zagro\u017cenia utraty panowania nad pojazdem, niwelowanie nieprawid\u0142owych nawyk\u00f3w,<\/li>\n<li>podstawy jazdy defensywnej, hamowanie silnikiem, w\u0142a\u015bciwy dob\u00f3r bieg\u00f3w,<\/li>\n<li>hamowanie na \u015bliskiej nawierzchni z systemem ABS, bez systemu ABS (nasze auta pozwalaj\u0105 na wy\u0142\u0105czenie tego systemu),<\/li>\n<li>hamowanie na \u015bliskiej nawierzchni po\u0142\u0105czone z omini\u0119ciem przeszkody.<\/li>\n<\/ul>\n<p><span style=\"color: #ff0000;\"><strong>Jakie s\u0105 korzy\u015bci z odbycia szkolenia autem ODTJ?<\/strong><\/span><\/p>\n<p>Zalet\u0105 odbycia szkolenia na pojazdach ODTJ jest mo\u017cliwo\u015b\u0107 wy\u0142\u0105czenia system\u00f3w bezpiecze\u0144stwa. Daje to mo\u017cliwo\u015b\u0107 por\u00f3wnania jazdy z systemami i bez nich.<\/p>\n<p>To r\u00f3wnie\u017c dobra opcja dla tych, kt\u00f3rzy obawiaj\u0105 si\u0119 o swoje prywatne auto lub po prostu takiego nie maj\u0105.<\/p>\n<p><span style=\"color: #ff0000;\"><strong>Jak d\u0142ugo trwa szkolenie?<\/strong><\/span><\/p>\n<p>BeeSafe trwa godzin\u0119 (60 minut).<\/p>\n<p>&nbsp;<\/p>\n<p><img loading=\"lazy\" decoding=\"async\" class=\"alignnone wp-image-11608 \" src=\"https:\/\/sklep.autodrompomorze.pl\/wp-content\/uploads\/2020\/10\/17-scaled.jpg\" alt=\"doskonalenie techniki jazdy, szkolenie z po\u015blizg\u00f3w, p\u0142yta po\u015blizgowa\" width=\"470\" height=\"313\" srcset=\"https:\/\/sklep.autodrompomorze.pl\/wp-content\/uploads\/2020\/10\/17-scaled.jpg 2560w, https:\/\/sklep.autodrompomorze.pl\/wp-content\/uploads\/2020\/10\/17-300x200.jpg 300w, https:\/\/sklep.autodrompomorze.pl\/wp-content\/uploads\/2020\/10\/17-1024x683.jpg 1024w, https:\/\/sklep.autodrompomorze.pl\/wp-content\/uploads\/2020\/10\/17-768x512.jpg 768w, https:\/\/sklep.autodrompomorze.pl\/wp-content\/uploads\/2020\/10\/17-1536x1024.jpg 1536w, https:\/\/sklep.autodrompomorze.pl\/wp-content\/uploads\/2020\/10\/17-2048x1365.jpg 2048w, https:\/\/sklep.autodrompomorze.pl\/wp-content\/uploads\/2020\/10\/17-400x267.jpg 400w\" sizes=\"auto, (max-width: 470px) 100vw, 470px\" \/><\/p>\n<p><span style=\"color: #ff0000;\"><strong>Czy godzina BeeSafe wystarczy?<\/strong><\/span><\/p>\n<p>Rzadko zdarza si\u0119, \u017ce godzina szkolenia jest wystarczaj\u0105cym czasem do udoskonalenia wszystkich umiej\u0119tno\u015bci. Zwykle godzinne szkolenie jest dobrym pocz\u0105tkiem daj\u0105cym nam obraz, jakie umiej\u0119tno\u015bci warto doszlifowa\u0107. Zwykle rekomendujemy zakup 2-3 godzin. Nale\u017cy jednak pami\u0119ta\u0107, \u017ce tempo przyswajania nawyk\u00f3w oraz mo\u017cliwo\u015b\u0107 odpowiedniego skupienia si\u0119 podczas intensywnego i dostarczaj\u0105cego wielu wra\u017ce\u0144 szkolenia jest bardzo indywidualne.<\/p>\n<p><span style=\"color: #ff0000;\"><strong>Czy powinienem od razu zapisa\u0107 si\u0119 kilka godzin szkolenia?<\/strong><\/span><\/p>\n<p>Rekomendujemy maksymalnie dwie godziny szkolenia w ci\u0105gu jednego dnia. Szkolenie jest intensywne i z do\u015bwiadczenia wiemy, \u017ce rozbicie go na kilka kr\u00f3tszych spotka\u0144 przynosi lepsze efekty. Osoba szkolona jest w stanie odpowiednio skupi\u0107 si\u0119 na wykonywanych \u0107wiczeniach, co korzystnie przek\u0142ada si\u0119 na jej umiej\u0119tno\u015b\u0107 prowadzenia pojazdu. Taki tryb sprzyja ugruntowaniu wiedzy i nowych umiej\u0119tno\u015bci. Owocuje to potem w codziennym poruszaniu si\u0119 po drogach.<\/p>\n<p><span style=\"color: #ff0000;\"><strong>Korzy\u015bci<\/strong><\/span><\/p>\n<p>Co zyskujesz, zapisuj\u0105c si\u0119 na szkolenie?<\/p>\n<ul>\n<li>nowe umiej\u0119tno\u015bci zdobyte w miejscu specjalizuj\u0105cym si\u0119 w tematyce doskonalenia techniki jazdy,<\/li>\n<li>warto\u015bciowe wskaz\u00f3wki od instruktor\u00f3w z praktycznym do\u015bwiadczeniem,<\/li>\n<li>sprawdzenie si\u0119 w trudnych, nieoczywistych sytuacjach za kierownic\u0105,<\/li>\n<li>nowe spojrzenie na wzgl\u0119dy bezpiecze\u0144stwa w ruchu drogowym,<\/li>\n<li>nauk\u0119 w przyjaznej atmosferze, kt\u00f3r\u0105 bardzo doceniaj\u0105 nasi kursanci.<\/li>\n<\/ul>\n<p><span style=\"color: #ff0000;\"><b><strong>Za\u015bwiadczenie<\/strong><\/b><\/span><\/p>\n<p>Po uko\u0144czeniu szkolenia otrzymasz od nas za\u015bwiadczenie potwierdzaj\u0105ce Twoje nowozdobyte umiej\u0119tno\u015bci. Mo\u017cesz si\u0119 potem nim pochwali\u0107 i by\u0107 z siebie dumnym.<\/p>\n<p><span style=\"color: #ff0000;\"><b><strong>Cena<\/strong><\/b><\/span><br \/>\n520 z\u0142 za godzinne szkolenie<\/p>\n<p><span style=\"color: #ff0000;\"><b><strong>Czy voucher na doskonalenie techniki jazdy to dobry pomys\u0142 na prezent?<\/strong><\/b><\/span><\/p>\n<p>Zdecydowanie tak! Doskonalenie techniki jazdy to zdobywanie nowych umiej\u0119tno\u015bci, ale te\u017c \u015bwietnie sp\u0119dzany czas. Wjazd na p\u0142yt\u0119 po\u015blizgow\u0105 dostarcza wielu pozytywnych emocji, nie raz podnosi adrenalin\u0119 kierowcy. Dodatkowo nasi instruktorzy dbaj\u0105 o pozytywn\u0105 atmosfer\u0119 podczas szkolenia, co jest bardzo doceniane przez naszych kursant\u00f3w.<\/p>\n<p><span style=\"color: #ff0000;\"><b><strong>Jak d\u0142ugo wa\u017cny jest voucher?<\/strong><\/b><\/span><\/p>\n<p>Voucher wa\u017cny jest 6 miesi\u0119cy.<\/p>\n<p><strong>Zobacz r\u00f3wnie\u017c:<\/strong><\/p>\n<ul>\n<li><span style=\"color: #ff0000;\">BeeSafe- pojazd Klienta<\/span><\/li>\n<\/ul>\n<p>&nbsp;<\/p>\n<p><img loading=\"lazy\" decoding=\"async\" class=\"alignnone wp-image-11541 \" src=\"https:\/\/sklep.autodrompomorze.pl\/wp-content\/uploads\/2020\/10\/20-scaled.jpg\" alt=\"doskonalenie techniki jazdy autodrom pomorze\" width=\"464\" height=\"309\" srcset=\"https:\/\/sklep.autodrompomorze.pl\/wp-content\/uploads\/2020\/10\/20-scaled.jpg 2560w, https:\/\/sklep.autodrompomorze.pl\/wp-content\/uploads\/2020\/10\/20-300x200.jpg 300w, https:\/\/sklep.autodrompomorze.pl\/wp-content\/uploads\/2020\/10\/20-1024x683.jpg 1024w, https:\/\/sklep.autodrompomorze.pl\/wp-content\/uploads\/2020\/10\/20-768x512.jpg 768w, https:\/\/sklep.autodrompomorze.pl\/wp-content\/uploads\/2020\/10\/20-1536x1024.jpg 1536w, https:\/\/sklep.autodrompomorze.pl\/wp-content\/uploads\/2020\/10\/20-2048x1365.jpg 2048w, https:\/\/sklep.autodrompomorze.pl\/wp-content\/uploads\/2020\/10\/20-400x267.jpg 400w\" sizes=\"auto, (max-width: 464px) 100vw, 464px\" \/><\/p>\n<p>&nbsp;<\/p>\n<p>&nbsp;<\/p>\n","protected":false},"excerpt":{"rendered":"<p>BeeSafe (nazywane przez Was szkoleniem z po\u015blizg\u00f3w) to nasz <strong>bestseller pod now\u0105 nazw\u0105 (dawniej: doskonalenie techniki jazdy)!<\/strong> Podczas szkolenia nauczysz si\u0119, jak poradzi\u0107 sobie w nag\u0142ych i nieoczywistych sytuacjach na drodze. To r\u00f3wnie\u017c doskona\u0142a okazja do sprawdzenia si\u0119 w trudnych warunkach np. podczas po\u015blizgu.<\/p>\n<p>&nbsp;<\/p>\n","protected":false},"featured_media":21912,"comment_status":"open","ping_status":"closed","template":"","meta":[],"product_brand":[],"product_cat":[22],"product_tag":[],"class_list":{"0":"post-21960","1":"product","2":"type-product","3":"status-publish","6":"product_cat-samochody-osobowe","8":"first","9":"instock","10":"downloadable","11":"shipping-taxable","12":"purchasable","13":"product-type-simple"},"yoast_head":"<!-- This site is optimized with the Yoast SEO plugin v27.0 - https:\/\/yoast.com\/product\/yoast-seo-wordpress\/ -->\n<title>BeeSafe kat. B - pojazd ODTJ - Sklep Autodrom Pomorze<\/title>\n<meta name=\"description\" content=\"Doskonalenie Techniki Jazdy (nazywane przez Was szkoleniem z po\u015blizg\u00f3w) to nasz bestseller! Podczas szkolenia nauczysz si\u0119, jak poradzi\u0107 sobie w nag\u0142ych i nieoczywistych sytuacjach na drodze. To r\u00f3wnie\u017c doskona\u0142a okazja do sprawdzenia si\u0119 w trudnych warunkach np. podczas po\u015blizgu.\" \/>\n<meta name=\"robots\" content=\"index, follow, max-snippet:-1, max-image-preview:large, max-video-preview:-1\" \/>\n<link rel=\"canonical\" href=\"https:\/\/sklep.autodrompomorze.pl\/index.php\/produkt\/beesafe-pojazd-odtj-2\/\" \/>\n<meta property=\"og:locale\" content=\"pl_PL\" \/>\n<meta property=\"og:type\" content=\"article\" \/>\n<meta property=\"og:title\" content=\"BeeSafe kat. B - pojazd ODTJ - Sklep Autodrom Pomorze\" \/>\n<meta property=\"og:description\" content=\"Doskonalenie Techniki Jazdy (nazywane przez Was szkoleniem z po\u015blizg\u00f3w) to nasz bestseller! Podczas szkolenia nauczysz si\u0119, jak poradzi\u0107 sobie w nag\u0142ych i nieoczywistych sytuacjach na drodze. To r\u00f3wnie\u017c doskona\u0142a okazja do sprawdzenia si\u0119 w trudnych warunkach np. podczas po\u015blizgu.\" \/>\n<meta property=\"og:url\" content=\"https:\/\/sklep.autodrompomorze.pl\/index.php\/produkt\/beesafe-pojazd-odtj-2\/\" \/>\n<meta property=\"og:site_name\" content=\"Sklep Autodrom Pomorze\" \/>\n<meta property=\"article:modified_time\" content=\"2026-05-01T07:13:29+00:00\" \/>\n<meta property=\"og:image\" content=\"https:\/\/sklep.autodrompomorze.pl\/wp-content\/uploads\/2020\/10\/zdj-produktu-1024x683.png\" \/>\n\t<meta property=\"og:image:width\" content=\"1024\" \/>\n\t<meta property=\"og:image:height\" content=\"683\" \/>\n\t<meta property=\"og:image:type\" content=\"image\/png\" \/>\n<meta name=\"twitter:card\" content=\"summary_large_image\" \/>\n<meta name=\"twitter:label1\" content=\"Szacowany czas czytania\" \/>\n\t<meta name=\"twitter:data1\" content=\"5 minut\" \/>\n<script type=\"application\/ld+json\" class=\"yoast-schema-graph\">{\"@context\":\"https:\/\/schema.org\",\"@graph\":[{\"@type\":\"WebPage\",\"@id\":\"https:\/\/sklep.autodrompomorze.pl\/index.php\/produkt\/beesafe-pojazd-odtj-2\/\",\"url\":\"https:\/\/sklep.autodrompomorze.pl\/index.php\/produkt\/beesafe-pojazd-odtj-2\/\",\"name\":\"BeeSafe kat. B - pojazd ODTJ - Sklep Autodrom Pomorze\",\"isPartOf\":{\"@id\":\"https:\/\/sklep.autodrompomorze.pl\/#website\"},\"primaryImageOfPage\":{\"@id\":\"https:\/\/sklep.autodrompomorze.pl\/index.php\/produkt\/beesafe-pojazd-odtj-2\/#primaryimage\"},\"image\":{\"@id\":\"https:\/\/sklep.autodrompomorze.pl\/index.php\/produkt\/beesafe-pojazd-odtj-2\/#primaryimage\"},\"thumbnailUrl\":\"https:\/\/sklep.autodrompomorze.pl\/wp-content\/uploads\/2020\/10\/zdj-produktu.png\",\"datePublished\":\"2026-03-23T11:15:13+00:00\",\"dateModified\":\"2026-05-01T07:13:29+00:00\",\"description\":\"Doskonalenie Techniki Jazdy (nazywane przez Was szkoleniem z po\u015blizg\u00f3w) to nasz bestseller! Podczas szkolenia nauczysz si\u0119, jak poradzi\u0107 sobie w nag\u0142ych i nieoczywistych sytuacjach na drodze. To r\u00f3wnie\u017c doskona\u0142a okazja do sprawdzenia si\u0119 w trudnych warunkach np. podczas po\u015blizgu.\",\"breadcrumb\":{\"@id\":\"https:\/\/sklep.autodrompomorze.pl\/index.php\/produkt\/beesafe-pojazd-odtj-2\/#breadcrumb\"},\"inLanguage\":\"pl-PL\",\"potentialAction\":[{\"@type\":\"ReadAction\",\"target\":[\"https:\/\/sklep.autodrompomorze.pl\/index.php\/produkt\/beesafe-pojazd-odtj-2\/\"]}]},{\"@type\":\"ImageObject\",\"inLanguage\":\"pl-PL\",\"@id\":\"https:\/\/sklep.autodrompomorze.pl\/index.php\/produkt\/beesafe-pojazd-odtj-2\/#primaryimage\",\"url\":\"https:\/\/sklep.autodrompomorze.pl\/wp-content\/uploads\/2020\/10\/zdj-produktu.png\",\"contentUrl\":\"https:\/\/sklep.autodrompomorze.pl\/wp-content\/uploads\/2020\/10\/zdj-produktu.png\",\"width\":2048,\"height\":1365,\"caption\":\"Doskonalenie techniki jazdy\"},{\"@type\":\"BreadcrumbList\",\"@id\":\"https:\/\/sklep.autodrompomorze.pl\/index.php\/produkt\/beesafe-pojazd-odtj-2\/#breadcrumb\",\"itemListElement\":[{\"@type\":\"ListItem\",\"position\":1,\"name\":\"Strona g\u0142\u00f3wna\",\"item\":\"https:\/\/sklep.autodrompomorze.pl\/\"},{\"@type\":\"ListItem\",\"position\":2,\"name\":\"Home\",\"item\":\"https:\/\/sklep.autodrompomorze.pl\/\"},{\"@type\":\"ListItem\",\"position\":3,\"name\":\"BeeSafe kat. B &#8211; pojazd ODTJ\"}]},{\"@type\":\"WebSite\",\"@id\":\"https:\/\/sklep.autodrompomorze.pl\/#website\",\"url\":\"https:\/\/sklep.autodrompomorze.pl\/\",\"name\":\"Sklep Autodrom Pomorze\",\"description\":\"Kup voucher na szkolenie w O\u015brodku Doskonalenia Techniki Jazdy w Pszcz\u00f3\u0142kach\",\"publisher\":{\"@id\":\"https:\/\/sklep.autodrompomorze.pl\/#organization\"},\"potentialAction\":[{\"@type\":\"SearchAction\",\"target\":{\"@type\":\"EntryPoint\",\"urlTemplate\":\"https:\/\/sklep.autodrompomorze.pl\/?s={search_term_string}\"},\"query-input\":{\"@type\":\"PropertyValueSpecification\",\"valueRequired\":true,\"valueName\":\"search_term_string\"}}],\"inLanguage\":\"pl-PL\"},{\"@type\":\"Organization\",\"@id\":\"https:\/\/sklep.autodrompomorze.pl\/#organization\",\"name\":\"Sklep Autodrom Pomorze\",\"url\":\"https:\/\/sklep.autodrompomorze.pl\/\",\"logo\":{\"@type\":\"ImageObject\",\"inLanguage\":\"pl-PL\",\"@id\":\"https:\/\/sklep.autodrompomorze.pl\/#\/schema\/logo\/image\/\",\"url\":\"https:\/\/sklep.autodrompomorze.pl\/wp-content\/uploads\/2020\/07\/znak_1.jpg\",\"contentUrl\":\"https:\/\/sklep.autodrompomorze.pl\/wp-content\/uploads\/2020\/07\/znak_1.jpg\",\"width\":596,\"height\":363,\"caption\":\"Sklep Autodrom Pomorze\"},\"image\":{\"@id\":\"https:\/\/sklep.autodrompomorze.pl\/#\/schema\/logo\/image\/\"}}]}<\/script>\n<!-- \/ Yoast SEO plugin. -->","yoast_head_json":{"title":"BeeSafe kat. B - pojazd ODTJ - Sklep Autodrom Pomorze","description":"Doskonalenie Techniki Jazdy (nazywane przez Was szkoleniem z po\u015blizg\u00f3w) to nasz bestseller! Podczas szkolenia nauczysz si\u0119, jak poradzi\u0107 sobie w nag\u0142ych i nieoczywistych sytuacjach na drodze. To r\u00f3wnie\u017c doskona\u0142a okazja do sprawdzenia si\u0119 w trudnych warunkach np. podczas po\u015blizgu.","robots":{"index":"index","follow":"follow","max-snippet":"max-snippet:-1","max-image-preview":"max-image-preview:large","max-video-preview":"max-video-preview:-1"},"canonical":"https:\/\/sklep.autodrompomorze.pl\/index.php\/produkt\/beesafe-pojazd-odtj-2\/","og_locale":"pl_PL","og_type":"article","og_title":"BeeSafe kat. B - pojazd ODTJ - Sklep Autodrom Pomorze","og_description":"Doskonalenie Techniki Jazdy (nazywane przez Was szkoleniem z po\u015blizg\u00f3w) to nasz bestseller! Podczas szkolenia nauczysz si\u0119, jak poradzi\u0107 sobie w nag\u0142ych i nieoczywistych sytuacjach na drodze. To r\u00f3wnie\u017c doskona\u0142a okazja do sprawdzenia si\u0119 w trudnych warunkach np. podczas po\u015blizgu.","og_url":"https:\/\/sklep.autodrompomorze.pl\/index.php\/produkt\/beesafe-pojazd-odtj-2\/","og_site_name":"Sklep Autodrom Pomorze","article_modified_time":"2026-05-01T07:13:29+00:00","og_image":[{"width":1024,"height":683,"url":"https:\/\/sklep.autodrompomorze.pl\/wp-content\/uploads\/2020\/10\/zdj-produktu-1024x683.png","type":"image\/png"}],"twitter_card":"summary_large_image","twitter_misc":{"Szacowany czas czytania":"5 minut"},"schema":{"@context":"https:\/\/schema.org","@graph":[{"@type":"WebPage","@id":"https:\/\/sklep.autodrompomorze.pl\/index.php\/produkt\/beesafe-pojazd-odtj-2\/","url":"https:\/\/sklep.autodrompomorze.pl\/index.php\/produkt\/beesafe-pojazd-odtj-2\/","name":"BeeSafe kat. B - pojazd ODTJ - Sklep Autodrom Pomorze","isPartOf":{"@id":"https:\/\/sklep.autodrompomorze.pl\/#website"},"primaryImageOfPage":{"@id":"https:\/\/sklep.autodrompomorze.pl\/index.php\/produkt\/beesafe-pojazd-odtj-2\/#primaryimage"},"image":{"@id":"https:\/\/sklep.autodrompomorze.pl\/index.php\/produkt\/beesafe-pojazd-odtj-2\/#primaryimage"},"thumbnailUrl":"https:\/\/sklep.autodrompomorze.pl\/wp-content\/uploads\/2020\/10\/zdj-produktu.png","datePublished":"2026-03-23T11:15:13+00:00","dateModified":"2026-05-01T07:13:29+00:00","description":"Doskonalenie Techniki Jazdy (nazywane przez Was szkoleniem z po\u015blizg\u00f3w) to nasz bestseller! Podczas szkolenia nauczysz si\u0119, jak poradzi\u0107 sobie w nag\u0142ych i nieoczywistych sytuacjach na drodze. To r\u00f3wnie\u017c doskona\u0142a okazja do sprawdzenia si\u0119 w trudnych warunkach np. podczas po\u015blizgu.","breadcrumb":{"@id":"https:\/\/sklep.autodrompomorze.pl\/index.php\/produkt\/beesafe-pojazd-odtj-2\/#breadcrumb"},"inLanguage":"pl-PL","potentialAction":[{"@type":"ReadAction","target":["https:\/\/sklep.autodrompomorze.pl\/index.php\/produkt\/beesafe-pojazd-odtj-2\/"]}]},{"@type":"ImageObject","inLanguage":"pl-PL","@id":"https:\/\/sklep.autodrompomorze.pl\/index.php\/produkt\/beesafe-pojazd-odtj-2\/#primaryimage","url":"https:\/\/sklep.autodrompomorze.pl\/wp-content\/uploads\/2020\/10\/zdj-produktu.png","contentUrl":"https:\/\/sklep.autodrompomorze.pl\/wp-content\/uploads\/2020\/10\/zdj-produktu.png","width":2048,"height":1365,"caption":"Doskonalenie techniki jazdy"},{"@type":"BreadcrumbList","@id":"https:\/\/sklep.autodrompomorze.pl\/index.php\/produkt\/beesafe-pojazd-odtj-2\/#breadcrumb","itemListElement":[{"@type":"ListItem","position":1,"name":"Strona g\u0142\u00f3wna","item":"https:\/\/sklep.autodrompomorze.pl\/"},{"@type":"ListItem","position":2,"name":"Home","item":"https:\/\/sklep.autodrompomorze.pl\/"},{"@type":"ListItem","position":3,"name":"BeeSafe kat. B &#8211; pojazd ODTJ"}]},{"@type":"WebSite","@id":"https:\/\/sklep.autodrompomorze.pl\/#website","url":"https:\/\/sklep.autodrompomorze.pl\/","name":"Sklep Autodrom Pomorze","description":"Kup voucher na szkolenie w O\u015brodku Doskonalenia Techniki Jazdy w Pszcz\u00f3\u0142kach","publisher":{"@id":"https:\/\/sklep.autodrompomorze.pl\/#organization"},"potentialAction":[{"@type":"SearchAction","target":{"@type":"EntryPoint","urlTemplate":"https:\/\/sklep.autodrompomorze.pl\/?s={search_term_string}"},"query-input":{"@type":"PropertyValueSpecification","valueRequired":true,"valueName":"search_term_string"}}],"inLanguage":"pl-PL"},{"@type":"Organization","@id":"https:\/\/sklep.autodrompomorze.pl\/#organization","name":"Sklep Autodrom Pomorze","url":"https:\/\/sklep.autodrompomorze.pl\/","logo":{"@type":"ImageObject","inLanguage":"pl-PL","@id":"https:\/\/sklep.autodrompomorze.pl\/#\/schema\/logo\/image\/","url":"https:\/\/sklep.autodrompomorze.pl\/wp-content\/uploads\/2020\/07\/znak_1.jpg","contentUrl":"https:\/\/sklep.autodrompomorze.pl\/wp-content\/uploads\/2020\/07\/znak_1.jpg","width":596,"height":363,"caption":"Sklep Autodrom Pomorze"},"image":{"@id":"https:\/\/sklep.autodrompomorze.pl\/#\/schema\/logo\/image\/"}}]}},"_links":{"self":[{"href":"https:\/\/sklep.autodrompomorze.pl\/index.php\/wp-json\/wp\/v2\/product\/21960","targetHints":{"allow":["GET"]}}],"collection":[{"href":"https:\/\/sklep.autodrompomorze.pl\/index.php\/wp-json\/wp\/v2\/product"}],"about":[{"href":"https:\/\/sklep.autodrompomorze.pl\/index.php\/wp-json\/wp\/v2\/types\/product"}],"replies":[{"embeddable":true,"href":"https:\/\/sklep.autodrompomorze.pl\/index.php\/wp-json\/wp\/v2\/comments?post=21960"}],"wp:featuredmedia":[{"embeddable":true,"href":"https:\/\/sklep.autodrompomorze.pl\/index.php\/wp-json\/wp\/v2\/media\/21912"}],"wp:attachment":[{"href":"https:\/\/sklep.autodrompomorze.pl\/index.php\/wp-json\/wp\/v2\/media?parent=21960"}],"wp:term":[{"taxonomy":"product_brand","embeddable":true,"href":"https:\/\/sklep.autodrompomorze.pl\/index.php\/wp-json\/wp\/v2\/product_brand?post=21960"},{"taxonomy":"product_cat","embeddable":true,"href":"https:\/\/sklep.autodrompomorze.pl\/index.php\/wp-json\/wp\/v2\/product_cat?post=21960"},{"taxonomy":"product_tag","embeddable":true,"href":"https:\/\/sklep.autodrompomorze.pl\/index.php\/wp-json\/wp\/v2\/product_tag?post=21960"}],"curies":[{"name":"wp","href":"https:\/\/api.w.org\/{rel}","templated":true}]}}