{"id":21726,"date":"2026-03-12T12:12:52","date_gmt":"2026-03-12T11:12:52","guid":{"rendered":"https:\/\/sklep.autodrompomorze.pl\/?post_type=product&#038;p=21726"},"modified":"2026-05-02T10:32:53","modified_gmt":"2026-05-02T08:32:53","slug":"beebrave-2-pojazd-klienta","status":"publish","type":"product","link":"https:\/\/sklep.autodrompomorze.pl\/index.php\/produkt\/beebrave-2-pojazd-klienta\/","title":{"rendered":"BeeBrave 2 &#8211; w\u0142asny pojazd"},"content":{"rendered":"<p>BeeBrave 2 to nasza nowo\u015b\u0107 w\u015br\u00f3d szkole\u0144. Jest to odmiana indywidualnego szkolenia z doskonalenia techniki jazdy (dla kierowc\u00f3w), w trakcie kt\u00f3rego prze\u0107wiczysz umiej\u0119tno\u015bci zdobyte podczas szkolenia BeeBrave 1 w sytuacjach drogowych. Szkolenie to mo\u017cesz odby\u0107 wy\u0142\u0105cznie w kat. B.<\/p>\n<p><img loading=\"lazy\" decoding=\"async\" class=\"size-full wp-image-263 aligncenter\" src=\"https:\/\/sklep.autodrompomorze.pl\/wp-content\/uploads\/2020\/10\/jazda-def..png\" alt=\"jazda defensywna kurs\" width=\"400\" height=\"300\" srcset=\"https:\/\/sklep.autodrompomorze.pl\/wp-content\/uploads\/2020\/10\/jazda-def..png 400w, https:\/\/sklep.autodrompomorze.pl\/wp-content\/uploads\/2020\/10\/jazda-def.-300x225.png 300w\" sizes=\"auto, (max-width: 400px) 100vw, 400px\" \/><\/p>\n<p><span style=\"color: #ff0000;\"><strong>Dla kogo jest to szkolenie?<\/strong><\/span><\/p>\n<p>Szkolenie jest dla os\u00f3b, kt\u00f3re posiadaj\u0105 uprawnienia kierowcy kat. B oraz uko\u0144czy\u0142y szkolenie BeeBrave 1 i dosta\u0142y rekomendacj\u0119 naszego Instruktora do przej\u015bcia na drugi etap.<\/p>\n<p><span style=\"color: #ff0000;\"><strong>Co jest celem szkolenia?<\/strong><\/span><\/p>\n<p>Podczas szkolenia BeeBrave 2 sprawdzisz nabyte umiej\u0119tno\u015bci w ruchu drogowym pod okiem fachowc\u00f3w.<\/p>\n<p><span style=\"color: #ff0000;\"><strong>W jaki spos\u00f3b szkolimy?<\/strong><\/span><\/p>\n<p>BeeBrave 2 to szkolenie praktyczne. to szkolenie praktyczne. Odbywa si\u0119 w formule 1:1, czyli jedna osoba szkolona \u0107wiczy w samochodzie pod okiem do\u015bwiadczonego instruktora techniki jazdy (w poje\u017adzie mo\u017ce znajdowa\u0107 si\u0119 tylko osoba szkolona oraz instruktor). Szkolenie odbywa si\u0119 w ruchu drogowym (wybieramy trasy mniej ucz\u0119szczane) oraz obejmuje manewr hamowania na wprost na p\u0142ycie po\u015blizgowej w ODTJ.<\/p>\n<p><img loading=\"lazy\" decoding=\"async\" class=\"size-full wp-image-1346 aligncenter\" src=\"https:\/\/sklep.autodrompomorze.pl\/wp-content\/uploads\/2021\/01\/Projekt-bez-tytulu-15.png\" alt=\"\" width=\"400\" height=\"300\" srcset=\"https:\/\/sklep.autodrompomorze.pl\/wp-content\/uploads\/2021\/01\/Projekt-bez-tytulu-15.png 400w, https:\/\/sklep.autodrompomorze.pl\/wp-content\/uploads\/2021\/01\/Projekt-bez-tytulu-15-300x225.png 300w\" sizes=\"auto, (max-width: 400px) 100vw, 400px\" \/><\/p>\n<p><span style=\"color: #ff0000;\"><strong>Jakim pojazdem odbywa si\u0119 szkolenie?<\/strong><\/span><\/p>\n<ul>\n<li>ta oferta dotyczy szkolenia pojazdem Klienta,<\/li>\n<li><span style=\"color: #ff0000;\"><a style=\"color: #ff0000;\" href=\"https:\/\/sklep.autodrompomorze.pl\/index.php\/produkt\/beebrave-2-pojazd-odtj\/\">szkolenie pojazdem zapewnionym przez ODTJ Autodrom Pomorze (Toyota Yaris z manualn\u0105 skrzyni\u0105 bieg\u00f3w) <\/a><a style=\"color: #ff0000;\" href=\"https:\/\/sklep.autodrompomorze.pl\/index.php\/produkt\/beebrave-2-pojazd-odtj\/\">zakupisz tu<\/a><\/span><\/li>\n<\/ul>\n<p>Zalet\u0105 odbycia szkolenia samochodem Klienta jest to, \u017ce poznaje charakterystyk\u0119 (np. gabaryty) w\u0142asnego pojazdu, kt\u00f3rym porusza si\u0119 na co dzie\u0144. Z kolei pojazdy ODTJ posiadaj\u0105 dodatkowe peda\u0142y hamulca i sprz\u0119g\u0142a dla instruktora, co dla niekt\u00f3rych os\u00f3b mo\u017ce by\u0107 kluczowym elementem daj\u0105cym poczucie bezpiecze\u0144stwa.<\/p>\n<p><span style=\"color: #ff0000;\"><strong>Jak d\u0142ugo trwa szkolenie?<\/strong><\/span><\/p>\n<p>Podstawow\u0105 jednostk\u0105 czasu szkolenia BeeBrave 2 jest godzina (60 minut). To od Ciebie (Twoich umiej\u0119tno\u015bci, potrzeb, otwarto\u015bci na proces nauki, a nawet dyspozycji dnia) zale\u017cy, ile godzin b\u0119dzie Ci potrzebne, by poczu\u0107 si\u0119 pewnie na drodze.<\/p>\n<p><span style=\"color: #ff0000;\"><strong>Korzy\u015bci<\/strong><\/span><\/p>\n<p>Co zyskujesz, zapisuj\u0105c si\u0119 na szkolenie?<\/p>\n<ul>\n<li>mo\u017cliwo\u015b\u0107 szlifowania dopiero co nabytych umiej\u0119tno\u015bci lub od\u015bwie\u017cenia dawno nieu\u017cywanych kompetencji,<\/li>\n<li>warto\u015bciowe wskaz\u00f3wki od instruktor\u00f3w z praktycznym do\u015bwiadczeniem,<\/li>\n<li>popraw\u0119 pewno\u015bci siebie na drodze i poczucia przyjemno\u015bci z jazdy autem,<\/li>\n<li>UWAGA! PO ODBYCIU PAKIETU SZKOLE\u0143 BEEBRAVE, ZG\u0141O\u015a SI\u0118 DO NAS PO 25% ZNI\u017bK\u0118 NA <span style=\"color: #ff0000;\"><a style=\"color: #ff0000;\" href=\"https:\/\/autodrompomorze.pl\/pl\/szkolenia\/doskonalenie-techniki-jazdy\/\">BEESAFE!<\/a>\u00a0<\/span> Szczeg\u00f3\u0142y pod nr telefonu: 514-059-522.<\/li>\n<\/ul>\n<p><span style=\"color: #ff0000;\"><strong>Za\u015bwiadczenie<\/strong><\/span><\/p>\n<p>Po uko\u0144czeniu szkolenia otrzymasz od nas za\u015bwiadczenie potwierdzaj\u0105ce Twoje nowo zdobyte umiej\u0119tno\u015bci. Mo\u017cesz si\u0119 potem nim pochwali\u0107 i by\u0107 z siebie dumnym.<\/p>\n<p><span style=\"color: #ff0000;\"><strong>Cena (za 1 godzin\u0119)<\/strong><\/span><\/p>\n<p>330 z\u0142 \u2013 szkolenie autem Klienta (kat. B)\/1 h (przy zakupie min. 2 godzin, rabat 100 z\u0142 z kodem <strong>2xBrave<\/strong>).<\/p>\n<p><span style=\"color: #ff0000;\"><b><strong>Jak d\u0142ugo wa\u017cny jest voucher?<\/strong><\/b><\/span><\/p>\n<p>Voucher wa\u017cny jest 6 miesi\u0119cy.<\/p>\n<p><strong>Zobacz r\u00f3wnie\u017c:<\/strong><\/p>\n<ul>\n<li><span style=\"color: #ff0000;\"><a style=\"color: #ff0000;\" href=\"https:\/\/sklep.autodrompomorze.pl\/index.php\/produkt\/beebrave-2-pojazd-odtj\/\">BeeBrave 2-pojazd ODTJ<\/a><\/span><\/li>\n<li><span style=\"color: #ff0000;\"><a style=\"color: #ff0000;\" href=\"https:\/\/sklep.autodrompomorze.pl\/index.php\/produkt\/beebrave-1-pojazd-odtj\/\">BeeBrave 1-pojazd ODTJ<\/a><\/span><\/li>\n<\/ul>\n<p>&nbsp;<\/p>\n<p><img loading=\"lazy\" decoding=\"async\" class=\"size-large wp-image-21857\" src=\"https:\/\/sklep.autodrompomorze.pl\/wp-content\/uploads\/2026\/03\/DSC_0129-1024x736.jpg\" alt=\"\" width=\"640\" height=\"460\" srcset=\"https:\/\/sklep.autodrompomorze.pl\/wp-content\/uploads\/2026\/03\/DSC_0129-1024x736.jpg 1024w, https:\/\/sklep.autodrompomorze.pl\/wp-content\/uploads\/2026\/03\/DSC_0129-300x216.jpg 300w, https:\/\/sklep.autodrompomorze.pl\/wp-content\/uploads\/2026\/03\/DSC_0129-768x552.jpg 768w, https:\/\/sklep.autodrompomorze.pl\/wp-content\/uploads\/2026\/03\/DSC_0129-1536x1105.jpg 1536w, https:\/\/sklep.autodrompomorze.pl\/wp-content\/uploads\/2026\/03\/DSC_0129-2048x1473.jpg 2048w, https:\/\/sklep.autodrompomorze.pl\/wp-content\/uploads\/2026\/03\/DSC_0129-400x288.jpg 400w\" sizes=\"auto, (max-width: 640px) 100vw, 640px\" \/><\/p>\n<p>&nbsp;<\/p>\n<p>&nbsp;<\/p>\n","protected":false},"excerpt":{"rendered":"<p>Pssst\u2026 kupuj\u0105c 2 vouchery na us\u0142ug\u0119 BeeBrave1, BeeBrave2 lub mix BeeBrave1 i 2, zastosuj kupon <strong>2xBrave<\/strong> \u2013 b\u0119dzie taniej!<\/p>\n<p>&nbsp;<\/p>\n<p>Cykl <strong>BeeBrave<\/strong>\u00a0to nasza nowo\u015b\u0107 w\u015br\u00f3d szkole\u0144. Jest to odmiana indywidualnego szkolenia z doskonalenia techniki jazdy (dla kierowc\u00f3w), w trakcie kt\u00f3rego prze\u0107wiczysz umiej\u0119tno\u015bci zdobyte podczas szkolenia BeeBrave 1 w sytuacjach drogowych. Szkolenie to mo\u017cesz odby\u0107 wy\u0142\u0105cznie w kat. B.<\/p>\n<p>&nbsp;<\/p>\n","protected":false},"featured_media":21856,"comment_status":"open","ping_status":"closed","template":"","meta":[],"product_brand":[],"product_cat":[22],"product_tag":[],"class_list":{"0":"post-21726","1":"product","2":"type-product","3":"status-publish","6":"product_cat-samochody-osobowe","8":"first","9":"instock","10":"downloadable","11":"shipping-taxable","12":"purchasable","13":"product-type-simple"},"yoast_head":"<!-- This site is optimized with the Yoast SEO plugin v27.0 - https:\/\/yoast.com\/product\/yoast-seo-wordpress\/ -->\n<title>BeeBrave 2 - w\u0142asny pojazd - Sklep Autodrom Pomorze<\/title>\n<meta name=\"description\" content=\"Doskonalenie Techniki Jazdy (nazywane przez Was szkoleniem z po\u015blizg\u00f3w) to nasz bestseller! Podczas szkolenia nauczysz si\u0119, jak poradzi\u0107 sobie w nag\u0142ych i nieoczywistych sytuacjach na drodze. To r\u00f3wnie\u017c doskona\u0142a okazja do sprawdzenia si\u0119 w trudnych warunkach np. podczas po\u015blizgu.\" \/>\n<meta name=\"robots\" content=\"index, follow, max-snippet:-1, max-image-preview:large, max-video-preview:-1\" \/>\n<link rel=\"canonical\" href=\"https:\/\/sklep.autodrompomorze.pl\/index.php\/produkt\/beebrave-2-pojazd-klienta\/\" \/>\n<meta property=\"og:locale\" content=\"pl_PL\" \/>\n<meta property=\"og:type\" content=\"article\" \/>\n<meta property=\"og:title\" content=\"BeeBrave 2 - w\u0142asny pojazd - Sklep Autodrom Pomorze\" \/>\n<meta property=\"og:description\" content=\"Doskonalenie Techniki Jazdy (nazywane przez Was szkoleniem z po\u015blizg\u00f3w) to nasz bestseller! Podczas szkolenia nauczysz si\u0119, jak poradzi\u0107 sobie w nag\u0142ych i nieoczywistych sytuacjach na drodze. To r\u00f3wnie\u017c doskona\u0142a okazja do sprawdzenia si\u0119 w trudnych warunkach np. podczas po\u015blizgu.\" \/>\n<meta property=\"og:url\" content=\"https:\/\/sklep.autodrompomorze.pl\/index.php\/produkt\/beebrave-2-pojazd-klienta\/\" \/>\n<meta property=\"og:site_name\" content=\"Sklep Autodrom Pomorze\" \/>\n<meta property=\"article:modified_time\" content=\"2026-05-02T08:32:53+00:00\" \/>\n<meta property=\"og:image\" content=\"https:\/\/sklep.autodrompomorze.pl\/wp-content\/uploads\/2026\/03\/zdj-produktu-1024x683.png\" \/>\n\t<meta property=\"og:image:width\" content=\"1024\" \/>\n\t<meta property=\"og:image:height\" content=\"683\" \/>\n\t<meta property=\"og:image:type\" content=\"image\/png\" \/>\n<meta name=\"twitter:card\" content=\"summary_large_image\" \/>\n<meta name=\"twitter:label1\" content=\"Szacowany czas czytania\" \/>\n\t<meta name=\"twitter:data1\" content=\"4 minuty\" \/>\n<script type=\"application\/ld+json\" class=\"yoast-schema-graph\">{\"@context\":\"https:\/\/schema.org\",\"@graph\":[{\"@type\":\"WebPage\",\"@id\":\"https:\/\/sklep.autodrompomorze.pl\/index.php\/produkt\/beebrave-2-pojazd-klienta\/\",\"url\":\"https:\/\/sklep.autodrompomorze.pl\/index.php\/produkt\/beebrave-2-pojazd-klienta\/\",\"name\":\"BeeBrave 2 - w\u0142asny pojazd - Sklep Autodrom Pomorze\",\"isPartOf\":{\"@id\":\"https:\/\/sklep.autodrompomorze.pl\/#website\"},\"primaryImageOfPage\":{\"@id\":\"https:\/\/sklep.autodrompomorze.pl\/index.php\/produkt\/beebrave-2-pojazd-klienta\/#primaryimage\"},\"image\":{\"@id\":\"https:\/\/sklep.autodrompomorze.pl\/index.php\/produkt\/beebrave-2-pojazd-klienta\/#primaryimage\"},\"thumbnailUrl\":\"https:\/\/sklep.autodrompomorze.pl\/wp-content\/uploads\/2026\/03\/zdj-produktu.png\",\"datePublished\":\"2026-03-12T11:12:52+00:00\",\"dateModified\":\"2026-05-02T08:32:53+00:00\",\"description\":\"Doskonalenie Techniki Jazdy (nazywane przez Was szkoleniem z po\u015blizg\u00f3w) to nasz bestseller! Podczas szkolenia nauczysz si\u0119, jak poradzi\u0107 sobie w nag\u0142ych i nieoczywistych sytuacjach na drodze. To r\u00f3wnie\u017c doskona\u0142a okazja do sprawdzenia si\u0119 w trudnych warunkach np. podczas po\u015blizgu.\",\"breadcrumb\":{\"@id\":\"https:\/\/sklep.autodrompomorze.pl\/index.php\/produkt\/beebrave-2-pojazd-klienta\/#breadcrumb\"},\"inLanguage\":\"pl-PL\",\"potentialAction\":[{\"@type\":\"ReadAction\",\"target\":[\"https:\/\/sklep.autodrompomorze.pl\/index.php\/produkt\/beebrave-2-pojazd-klienta\/\"]}]},{\"@type\":\"ImageObject\",\"inLanguage\":\"pl-PL\",\"@id\":\"https:\/\/sklep.autodrompomorze.pl\/index.php\/produkt\/beebrave-2-pojazd-klienta\/#primaryimage\",\"url\":\"https:\/\/sklep.autodrompomorze.pl\/wp-content\/uploads\/2026\/03\/zdj-produktu.png\",\"contentUrl\":\"https:\/\/sklep.autodrompomorze.pl\/wp-content\/uploads\/2026\/03\/zdj-produktu.png\",\"width\":2048,\"height\":1365},{\"@type\":\"BreadcrumbList\",\"@id\":\"https:\/\/sklep.autodrompomorze.pl\/index.php\/produkt\/beebrave-2-pojazd-klienta\/#breadcrumb\",\"itemListElement\":[{\"@type\":\"ListItem\",\"position\":1,\"name\":\"Strona g\u0142\u00f3wna\",\"item\":\"https:\/\/sklep.autodrompomorze.pl\/\"},{\"@type\":\"ListItem\",\"position\":2,\"name\":\"Home\",\"item\":\"https:\/\/sklep.autodrompomorze.pl\/\"},{\"@type\":\"ListItem\",\"position\":3,\"name\":\"BeeBrave 2 &#8211; w\u0142asny pojazd\"}]},{\"@type\":\"WebSite\",\"@id\":\"https:\/\/sklep.autodrompomorze.pl\/#website\",\"url\":\"https:\/\/sklep.autodrompomorze.pl\/\",\"name\":\"Sklep Autodrom Pomorze\",\"description\":\"Kup voucher na szkolenie w O\u015brodku Doskonalenia Techniki Jazdy w Pszcz\u00f3\u0142kach\",\"publisher\":{\"@id\":\"https:\/\/sklep.autodrompomorze.pl\/#organization\"},\"potentialAction\":[{\"@type\":\"SearchAction\",\"target\":{\"@type\":\"EntryPoint\",\"urlTemplate\":\"https:\/\/sklep.autodrompomorze.pl\/?s={search_term_string}\"},\"query-input\":{\"@type\":\"PropertyValueSpecification\",\"valueRequired\":true,\"valueName\":\"search_term_string\"}}],\"inLanguage\":\"pl-PL\"},{\"@type\":\"Organization\",\"@id\":\"https:\/\/sklep.autodrompomorze.pl\/#organization\",\"name\":\"Sklep Autodrom Pomorze\",\"url\":\"https:\/\/sklep.autodrompomorze.pl\/\",\"logo\":{\"@type\":\"ImageObject\",\"inLanguage\":\"pl-PL\",\"@id\":\"https:\/\/sklep.autodrompomorze.pl\/#\/schema\/logo\/image\/\",\"url\":\"https:\/\/sklep.autodrompomorze.pl\/wp-content\/uploads\/2020\/07\/znak_1.jpg\",\"contentUrl\":\"https:\/\/sklep.autodrompomorze.pl\/wp-content\/uploads\/2020\/07\/znak_1.jpg\",\"width\":596,\"height\":363,\"caption\":\"Sklep Autodrom Pomorze\"},\"image\":{\"@id\":\"https:\/\/sklep.autodrompomorze.pl\/#\/schema\/logo\/image\/\"}}]}<\/script>\n<!-- \/ Yoast SEO plugin. -->","yoast_head_json":{"title":"BeeBrave 2 - w\u0142asny pojazd - Sklep Autodrom Pomorze","description":"Doskonalenie Techniki Jazdy (nazywane przez Was szkoleniem z po\u015blizg\u00f3w) to nasz bestseller! Podczas szkolenia nauczysz si\u0119, jak poradzi\u0107 sobie w nag\u0142ych i nieoczywistych sytuacjach na drodze. To r\u00f3wnie\u017c doskona\u0142a okazja do sprawdzenia si\u0119 w trudnych warunkach np. podczas po\u015blizgu.","robots":{"index":"index","follow":"follow","max-snippet":"max-snippet:-1","max-image-preview":"max-image-preview:large","max-video-preview":"max-video-preview:-1"},"canonical":"https:\/\/sklep.autodrompomorze.pl\/index.php\/produkt\/beebrave-2-pojazd-klienta\/","og_locale":"pl_PL","og_type":"article","og_title":"BeeBrave 2 - w\u0142asny pojazd - Sklep Autodrom Pomorze","og_description":"Doskonalenie Techniki Jazdy (nazywane przez Was szkoleniem z po\u015blizg\u00f3w) to nasz bestseller! Podczas szkolenia nauczysz si\u0119, jak poradzi\u0107 sobie w nag\u0142ych i nieoczywistych sytuacjach na drodze. To r\u00f3wnie\u017c doskona\u0142a okazja do sprawdzenia si\u0119 w trudnych warunkach np. podczas po\u015blizgu.","og_url":"https:\/\/sklep.autodrompomorze.pl\/index.php\/produkt\/beebrave-2-pojazd-klienta\/","og_site_name":"Sklep Autodrom Pomorze","article_modified_time":"2026-05-02T08:32:53+00:00","og_image":[{"width":1024,"height":683,"url":"https:\/\/sklep.autodrompomorze.pl\/wp-content\/uploads\/2026\/03\/zdj-produktu-1024x683.png","type":"image\/png"}],"twitter_card":"summary_large_image","twitter_misc":{"Szacowany czas czytania":"4 minuty"},"schema":{"@context":"https:\/\/schema.org","@graph":[{"@type":"WebPage","@id":"https:\/\/sklep.autodrompomorze.pl\/index.php\/produkt\/beebrave-2-pojazd-klienta\/","url":"https:\/\/sklep.autodrompomorze.pl\/index.php\/produkt\/beebrave-2-pojazd-klienta\/","name":"BeeBrave 2 - w\u0142asny pojazd - Sklep Autodrom Pomorze","isPartOf":{"@id":"https:\/\/sklep.autodrompomorze.pl\/#website"},"primaryImageOfPage":{"@id":"https:\/\/sklep.autodrompomorze.pl\/index.php\/produkt\/beebrave-2-pojazd-klienta\/#primaryimage"},"image":{"@id":"https:\/\/sklep.autodrompomorze.pl\/index.php\/produkt\/beebrave-2-pojazd-klienta\/#primaryimage"},"thumbnailUrl":"https:\/\/sklep.autodrompomorze.pl\/wp-content\/uploads\/2026\/03\/zdj-produktu.png","datePublished":"2026-03-12T11:12:52+00:00","dateModified":"2026-05-02T08:32:53+00:00","description":"Doskonalenie Techniki Jazdy (nazywane przez Was szkoleniem z po\u015blizg\u00f3w) to nasz bestseller! Podczas szkolenia nauczysz si\u0119, jak poradzi\u0107 sobie w nag\u0142ych i nieoczywistych sytuacjach na drodze. To r\u00f3wnie\u017c doskona\u0142a okazja do sprawdzenia si\u0119 w trudnych warunkach np. podczas po\u015blizgu.","breadcrumb":{"@id":"https:\/\/sklep.autodrompomorze.pl\/index.php\/produkt\/beebrave-2-pojazd-klienta\/#breadcrumb"},"inLanguage":"pl-PL","potentialAction":[{"@type":"ReadAction","target":["https:\/\/sklep.autodrompomorze.pl\/index.php\/produkt\/beebrave-2-pojazd-klienta\/"]}]},{"@type":"ImageObject","inLanguage":"pl-PL","@id":"https:\/\/sklep.autodrompomorze.pl\/index.php\/produkt\/beebrave-2-pojazd-klienta\/#primaryimage","url":"https:\/\/sklep.autodrompomorze.pl\/wp-content\/uploads\/2026\/03\/zdj-produktu.png","contentUrl":"https:\/\/sklep.autodrompomorze.pl\/wp-content\/uploads\/2026\/03\/zdj-produktu.png","width":2048,"height":1365},{"@type":"BreadcrumbList","@id":"https:\/\/sklep.autodrompomorze.pl\/index.php\/produkt\/beebrave-2-pojazd-klienta\/#breadcrumb","itemListElement":[{"@type":"ListItem","position":1,"name":"Strona g\u0142\u00f3wna","item":"https:\/\/sklep.autodrompomorze.pl\/"},{"@type":"ListItem","position":2,"name":"Home","item":"https:\/\/sklep.autodrompomorze.pl\/"},{"@type":"ListItem","position":3,"name":"BeeBrave 2 &#8211; w\u0142asny pojazd"}]},{"@type":"WebSite","@id":"https:\/\/sklep.autodrompomorze.pl\/#website","url":"https:\/\/sklep.autodrompomorze.pl\/","name":"Sklep Autodrom Pomorze","description":"Kup voucher na szkolenie w O\u015brodku Doskonalenia Techniki Jazdy w Pszcz\u00f3\u0142kach","publisher":{"@id":"https:\/\/sklep.autodrompomorze.pl\/#organization"},"potentialAction":[{"@type":"SearchAction","target":{"@type":"EntryPoint","urlTemplate":"https:\/\/sklep.autodrompomorze.pl\/?s={search_term_string}"},"query-input":{"@type":"PropertyValueSpecification","valueRequired":true,"valueName":"search_term_string"}}],"inLanguage":"pl-PL"},{"@type":"Organization","@id":"https:\/\/sklep.autodrompomorze.pl\/#organization","name":"Sklep Autodrom Pomorze","url":"https:\/\/sklep.autodrompomorze.pl\/","logo":{"@type":"ImageObject","inLanguage":"pl-PL","@id":"https:\/\/sklep.autodrompomorze.pl\/#\/schema\/logo\/image\/","url":"https:\/\/sklep.autodrompomorze.pl\/wp-content\/uploads\/2020\/07\/znak_1.jpg","contentUrl":"https:\/\/sklep.autodrompomorze.pl\/wp-content\/uploads\/2020\/07\/znak_1.jpg","width":596,"height":363,"caption":"Sklep Autodrom Pomorze"},"image":{"@id":"https:\/\/sklep.autodrompomorze.pl\/#\/schema\/logo\/image\/"}}]}},"_links":{"self":[{"href":"https:\/\/sklep.autodrompomorze.pl\/index.php\/wp-json\/wp\/v2\/product\/21726","targetHints":{"allow":["GET"]}}],"collection":[{"href":"https:\/\/sklep.autodrompomorze.pl\/index.php\/wp-json\/wp\/v2\/product"}],"about":[{"href":"https:\/\/sklep.autodrompomorze.pl\/index.php\/wp-json\/wp\/v2\/types\/product"}],"replies":[{"embeddable":true,"href":"https:\/\/sklep.autodrompomorze.pl\/index.php\/wp-json\/wp\/v2\/comments?post=21726"}],"wp:featuredmedia":[{"embeddable":true,"href":"https:\/\/sklep.autodrompomorze.pl\/index.php\/wp-json\/wp\/v2\/media\/21856"}],"wp:attachment":[{"href":"https:\/\/sklep.autodrompomorze.pl\/index.php\/wp-json\/wp\/v2\/media?parent=21726"}],"wp:term":[{"taxonomy":"product_brand","embeddable":true,"href":"https:\/\/sklep.autodrompomorze.pl\/index.php\/wp-json\/wp\/v2\/product_brand?post=21726"},{"taxonomy":"product_cat","embeddable":true,"href":"https:\/\/sklep.autodrompomorze.pl\/index.php\/wp-json\/wp\/v2\/product_cat?post=21726"},{"taxonomy":"product_tag","embeddable":true,"href":"https:\/\/sklep.autodrompomorze.pl\/index.php\/wp-json\/wp\/v2\/product_tag?post=21726"}],"curies":[{"name":"wp","href":"https:\/\/api.w.org\/{rel}","templated":true}]}}